{"id":664,"date":"2020-09-03T08:33:42","date_gmt":"2020-09-03T06:33:42","guid":{"rendered":"https:\/\/www.mcbambino.sk\/?page_id=664"},"modified":"2023-06-28T13:56:09","modified_gmt":"2023-06-28T11:56:09","slug":"mila-pre-mamu","status":"publish","type":"page","link":"https:\/\/www.mcbambino.sk\/index.php\/nase-aktivity\/mila-pre-mamu\/","title":{"rendered":"M\u00ed\u013ea pre mamu"},"content":{"rendered":"\t\t<div data-elementor-type=\"wp-page\" data-elementor-id=\"664\" class=\"elementor elementor-664\">\n\t\t\t\t\t\t\t\t\t<section class=\"elementor-section elementor-top-section elementor-element elementor-element-b8273e5 elementor-section-boxed elementor-section-height-default elementor-section-height-default\" data-id=\"b8273e5\" data-element_type=\"section\">\n\t\t\t\t\t\t<div class=\"elementor-container elementor-column-gap-default\">\n\t\t\t\t\t<div class=\"elementor-column elementor-col-100 elementor-top-column elementor-element elementor-element-9ff2913\" data-id=\"9ff2913\" data-element_type=\"column\">\n\t\t\t<div class=\"elementor-widget-wrap elementor-element-populated\">\n\t\t\t\t\t\t\t\t<div class=\"elementor-element elementor-element-c762afc elementor-align-left elementor-icon-list--layout-traditional elementor-list-item-link-full_width elementor-widget elementor-widget-icon-list\" data-id=\"c762afc\" data-element_type=\"widget\" data-widget_type=\"icon-list.default\">\n\t\t\t\t<div class=\"elementor-widget-container\">\n\t\t\t\t\t<ul class=\"elementor-icon-list-items\">\n\t\t\t\t\t\t\t<li class=\"elementor-icon-list-item\">\n\t\t\t\t\t\t\t\t\t\t\t<span class=\"elementor-icon-list-icon\">\n\t\t\t\t\t\t\t<i aria-hidden=\"true\" class=\"fas fa-receipt\"><\/i>\t\t\t\t\t\t<\/span>\n\t\t\t\t\t\t\t\t\t\t<span class=\"elementor-icon-list-text\">N\u00e1zov aktivity: M\u00ed\u013ea pre mamu<\/span>\n\t\t\t\t\t\t\t\t\t<\/li>\n\t\t\t\t\t\t\t\t<li class=\"elementor-icon-list-item\">\n\t\t\t\t\t\t\t\t\t\t\t<span class=\"elementor-icon-list-icon\">\n\t\t\t\t\t\t\t<i aria-hidden=\"true\" class=\"far fa-user\"><\/i>\t\t\t\t\t\t<\/span>\n\t\t\t\t\t\t\t\t\t\t<span class=\"elementor-icon-list-text\">Aktivitu vedie: Miriama Luk\u00e1\u010dov\u00e1<\/span>\n\t\t\t\t\t\t\t\t\t<\/li>\n\t\t\t\t\t\t\t\t<li class=\"elementor-icon-list-item\">\n\t\t\t\t\t\t\t\t\t\t\t<span class=\"elementor-icon-list-icon\">\n\t\t\t\t\t\t\t<i aria-hidden=\"true\" class=\"far fa-calendar-alt\"><\/i>\t\t\t\t\t\t<\/span>\n\t\t\t\t\t\t\t\t\t\t<span class=\"elementor-icon-list-text\">\u010cas: druh\u00e1 m\u00e1jov\u00e1 sobota<\/span>\n\t\t\t\t\t\t\t\t\t<\/li>\n\t\t\t\t\t\t\t\t<li class=\"elementor-icon-list-item\">\n\t\t\t\t\t\t\t\t\t\t\t<span class=\"elementor-icon-list-icon\">\n\t\t\t\t\t\t\t<i aria-hidden=\"true\" class=\"fas fa-comment\"><\/i>\t\t\t\t\t\t<\/span>\n\t\t\t\t\t\t\t\t\t\t<span class=\"elementor-icon-list-text\">Treba sa vopred prihl\u00e1si\u0165: nie (viac inform\u00e1ci\u00ed na 0905 500 043, info@mcbambino.sk)<\/span>\n\t\t\t\t\t\t\t\t\t<\/li>\n\t\t\t\t\t\t\t\t<li class=\"elementor-icon-list-item\">\n\t\t\t\t\t\t\t\t\t\t\t<span class=\"elementor-icon-list-icon\">\n\t\t\t\t\t\t\t<i aria-hidden=\"true\" class=\"fas fa-universal-access\"><\/i>\t\t\t\t\t\t<\/span>\n\t\t\t\t\t\t\t\t\t\t<span class=\"elementor-icon-list-text\">Vekov\u00e9 ohrani\u010denie: pre v\u0161etk\u00fdch bez ohrani\u010denia veku<\/span>\n\t\t\t\t\t\t\t\t\t<\/li>\n\t\t\t\t\t\t<\/ul>\n\t\t\t\t<\/div>\n\t\t\t\t<\/div>\n\t\t\t\t\t<\/div>\n\t\t<\/div>\n\t\t\t\t\t\t\t<\/div>\n\t\t<\/section>\n\t\t\t\t<section class=\"elementor-section elementor-top-section elementor-element elementor-element-6798d9d elementor-section-boxed elementor-section-height-default elementor-section-height-default\" data-id=\"6798d9d\" data-element_type=\"section\">\n\t\t\t\t\t\t<div class=\"elementor-container elementor-column-gap-default\">\n\t\t\t\t\t<div class=\"elementor-column elementor-col-100 elementor-top-column elementor-element elementor-element-0b35f1c\" data-id=\"0b35f1c\" data-element_type=\"column\">\n\t\t\t<div class=\"elementor-widget-wrap elementor-element-populated\">\n\t\t\t\t\t\t\t\t<div class=\"elementor-element elementor-element-a37d981 elementor-widget elementor-widget-text-editor\" data-id=\"a37d981\" data-element_type=\"widget\" data-widget_type=\"text-editor.default\">\n\t\t\t\t<div class=\"elementor-widget-container\">\n\t\t\t\t\t\t\t<p>V jeden de\u0148 pov\u00fd\u0161i\u0165 materstvo na najvy\u0161\u0161iu hodnotu v spolo\u010dnosti. Z\u00e1bavn\u00e9 popoludnie pre mal\u00fdch i ve\u013ek\u00fdch sa u\u017e tradi\u010dne kon\u00e1 v sobotu v predve\u010der D\u0148a matiek. Podujatie organizuje \u00dania matersk\u00fdch centier ako najv\u00e4\u010d\u0161iu oslavu D\u0148a matiek na Slovensku. V Poprade organizuje v spolupr\u00e1ci s Mestom Poprad toto podujatie na\u0161e matersk\u00e9 centrum.<\/p>\t\t\t\t\t\t<\/div>\n\t\t\t\t<\/div>\n\t\t\t\t\t<\/div>\n\t\t<\/div>\n\t\t\t\t\t\t\t<\/div>\n\t\t<\/section>\n\t\t\t\t<section class=\"elementor-section elementor-top-section elementor-element elementor-element-cd73f33 elementor-section-boxed elementor-section-height-default elementor-section-height-default\" data-id=\"cd73f33\" data-element_type=\"section\">\n\t\t\t\t\t\t<div class=\"elementor-container elementor-column-gap-default\">\n\t\t\t\t\t<div class=\"elementor-column elementor-col-100 elementor-top-column elementor-element elementor-element-10a46a4\" data-id=\"10a46a4\" data-element_type=\"column\">\n\t\t\t<div class=\"elementor-widget-wrap elementor-element-populated\">\n\t\t\t\t\t\t\t\t<div class=\"elementor-element elementor-element-b05a2cd elementor-widget elementor-widget-image-gallery\" data-id=\"b05a2cd\" data-element_type=\"widget\" data-widget_type=\"image-gallery.default\">\n\t\t\t\t<div class=\"elementor-widget-container\">\n\t\t\t\t\t<div class=\"elementor-image-gallery\">\n\t\t\t<div id='gallery-1' class='gallery galleryid-664 gallery-columns-5 gallery-size-thumbnail'><figure class='gallery-item'>\n\t\t\t<div class='gallery-icon landscape'>\n\t\t\t\t<a data-elementor-open-lightbox=\"yes\" data-elementor-lightbox-slideshow=\"b05a2cd\" data-elementor-lightbox-title=\"60297684_2300479150011229_1214289032419213312_o\" data-e-action-hash=\"#elementor-action%3Aaction%3Dlightbox%26settings%3DeyJpZCI6NjcwLCJ1cmwiOiJodHRwczpcL1wvd3d3Lm1jYmFtYmluby5za1wvd3AtY29udGVudFwvdXBsb2Fkc1wvMjAyMFwvMDlcLzYwMjk3Njg0XzIzMDA0NzkxNTAwMTEyMjlfMTIxNDI4OTAzMjQxOTIxMzMxMl9vLTEuanBnIiwic2xpZGVzaG93IjoiYjA1YTJjZCJ9\" href='https:\/\/www.mcbambino.sk\/wp-content\/uploads\/2020\/09\/60297684_2300479150011229_1214289032419213312_o-1.jpg'><img loading=\"lazy\" decoding=\"async\" width=\"150\" height=\"150\" src=\"https:\/\/www.mcbambino.sk\/wp-content\/uploads\/2020\/09\/60297684_2300479150011229_1214289032419213312_o-1-150x150.jpg\" class=\"attachment-thumbnail size-thumbnail\" alt=\"\" srcset=\"https:\/\/www.mcbambino.sk\/wp-content\/uploads\/2020\/09\/60297684_2300479150011229_1214289032419213312_o-1-150x150.jpg 150w, https:\/\/www.mcbambino.sk\/wp-content\/uploads\/2020\/09\/60297684_2300479150011229_1214289032419213312_o-1-300x300.jpg 300w\" sizes=\"(max-width: 150px) 100vw, 150px\" \/><\/a>\n\t\t\t<\/div><\/figure><figure class='gallery-item'>\n\t\t\t<div class='gallery-icon landscape'>\n\t\t\t\t<a data-elementor-open-lightbox=\"yes\" data-elementor-lightbox-slideshow=\"b05a2cd\" data-elementor-lightbox-title=\"59996696_2300479363344541_3538756651915935744_o\" data-e-action-hash=\"#elementor-action%3Aaction%3Dlightbox%26settings%3DeyJpZCI6NjY3LCJ1cmwiOiJodHRwczpcL1wvd3d3Lm1jYmFtYmluby5za1wvd3AtY29udGVudFwvdXBsb2Fkc1wvMjAyMFwvMDlcLzU5OTk2Njk2XzIzMDA0NzkzNjMzNDQ1NDFfMzUzODc1NjY1MTkxNTkzNTc0NF9vLmpwZyIsInNsaWRlc2hvdyI6ImIwNWEyY2QifQ%3D%3D\" href='https:\/\/www.mcbambino.sk\/wp-content\/uploads\/2020\/09\/59996696_2300479363344541_3538756651915935744_o.jpg'><img loading=\"lazy\" decoding=\"async\" width=\"150\" height=\"150\" src=\"https:\/\/www.mcbambino.sk\/wp-content\/uploads\/2020\/09\/59996696_2300479363344541_3538756651915935744_o-150x150.jpg\" class=\"attachment-thumbnail size-thumbnail\" alt=\"\" srcset=\"https:\/\/www.mcbambino.sk\/wp-content\/uploads\/2020\/09\/59996696_2300479363344541_3538756651915935744_o-150x150.jpg 150w, https:\/\/www.mcbambino.sk\/wp-content\/uploads\/2020\/09\/59996696_2300479363344541_3538756651915935744_o-300x300.jpg 300w\" sizes=\"(max-width: 150px) 100vw, 150px\" \/><\/a>\n\t\t\t<\/div><\/figure><figure class='gallery-item'>\n\t\t\t<div class='gallery-icon landscape'>\n\t\t\t\t<a data-elementor-open-lightbox=\"yes\" data-elementor-lightbox-slideshow=\"b05a2cd\" data-elementor-lightbox-title=\"60354052_2300478050011339_6138286728806400000_o\" data-e-action-hash=\"#elementor-action%3Aaction%3Dlightbox%26settings%3DeyJpZCI6NjY5LCJ1cmwiOiJodHRwczpcL1wvd3d3Lm1jYmFtYmluby5za1wvd3AtY29udGVudFwvdXBsb2Fkc1wvMjAyMFwvMDlcLzYwMzU0MDUyXzIzMDA0NzgwNTAwMTEzMzlfNjEzODI4NjcyODgwNjQwMDAwMF9vLmpwZyIsInNsaWRlc2hvdyI6ImIwNWEyY2QifQ%3D%3D\" href='https:\/\/www.mcbambino.sk\/wp-content\/uploads\/2020\/09\/60354052_2300478050011339_6138286728806400000_o.jpg'><img loading=\"lazy\" decoding=\"async\" width=\"150\" height=\"150\" src=\"https:\/\/www.mcbambino.sk\/wp-content\/uploads\/2020\/09\/60354052_2300478050011339_6138286728806400000_o-150x150.jpg\" class=\"attachment-thumbnail size-thumbnail\" alt=\"\" srcset=\"https:\/\/www.mcbambino.sk\/wp-content\/uploads\/2020\/09\/60354052_2300478050011339_6138286728806400000_o-150x150.jpg 150w, https:\/\/www.mcbambino.sk\/wp-content\/uploads\/2020\/09\/60354052_2300478050011339_6138286728806400000_o-300x300.jpg 300w\" sizes=\"(max-width: 150px) 100vw, 150px\" \/><\/a>\n\t\t\t<\/div><\/figure><figure class='gallery-item'>\n\t\t\t<div class='gallery-icon landscape'>\n\t\t\t\t<a data-elementor-open-lightbox=\"yes\" data-elementor-lightbox-slideshow=\"b05a2cd\" data-elementor-lightbox-title=\"60354250_2300489306676880_6160735831372857344_o\" data-e-action-hash=\"#elementor-action%3Aaction%3Dlightbox%26settings%3DeyJpZCI6NjY2LCJ1cmwiOiJodHRwczpcL1wvd3d3Lm1jYmFtYmluby5za1wvd3AtY29udGVudFwvdXBsb2Fkc1wvMjAyMFwvMDlcLzYwMzU0MjUwXzIzMDA0ODkzMDY2NzY4ODBfNjE2MDczNTgzMTM3Mjg1NzM0NF9vLmpwZyIsInNsaWRlc2hvdyI6ImIwNWEyY2QifQ%3D%3D\" href='https:\/\/www.mcbambino.sk\/wp-content\/uploads\/2020\/09\/60354250_2300489306676880_6160735831372857344_o.jpg'><img loading=\"lazy\" decoding=\"async\" width=\"150\" height=\"150\" src=\"https:\/\/www.mcbambino.sk\/wp-content\/uploads\/2020\/09\/60354250_2300489306676880_6160735831372857344_o-150x150.jpg\" class=\"attachment-thumbnail size-thumbnail\" alt=\"\" srcset=\"https:\/\/www.mcbambino.sk\/wp-content\/uploads\/2020\/09\/60354250_2300489306676880_6160735831372857344_o-150x150.jpg 150w, https:\/\/www.mcbambino.sk\/wp-content\/uploads\/2020\/09\/60354250_2300489306676880_6160735831372857344_o-300x300.jpg 300w\" sizes=\"(max-width: 150px) 100vw, 150px\" \/><\/a>\n\t\t\t<\/div><\/figure><figure class='gallery-item'>\n\t\t\t<div class='gallery-icon landscape'>\n\t\t\t\t<a data-elementor-open-lightbox=\"yes\" data-elementor-lightbox-slideshow=\"b05a2cd\" data-elementor-lightbox-title=\"60337741_2300479490011195_1684503379130187776_o\" data-e-action-hash=\"#elementor-action%3Aaction%3Dlightbox%26settings%3DeyJpZCI6NjY4LCJ1cmwiOiJodHRwczpcL1wvd3d3Lm1jYmFtYmluby5za1wvd3AtY29udGVudFwvdXBsb2Fkc1wvMjAyMFwvMDlcLzYwMzM3NzQxXzIzMDA0Nzk0OTAwMTExOTVfMTY4NDUwMzM3OTEzMDE4Nzc3Nl9vLmpwZyIsInNsaWRlc2hvdyI6ImIwNWEyY2QifQ%3D%3D\" href='https:\/\/www.mcbambino.sk\/wp-content\/uploads\/2020\/09\/60337741_2300479490011195_1684503379130187776_o.jpg'><img loading=\"lazy\" decoding=\"async\" width=\"150\" height=\"150\" src=\"https:\/\/www.mcbambino.sk\/wp-content\/uploads\/2020\/09\/60337741_2300479490011195_1684503379130187776_o-150x150.jpg\" class=\"attachment-thumbnail size-thumbnail\" alt=\"\" srcset=\"https:\/\/www.mcbambino.sk\/wp-content\/uploads\/2020\/09\/60337741_2300479490011195_1684503379130187776_o-150x150.jpg 150w, https:\/\/www.mcbambino.sk\/wp-content\/uploads\/2020\/09\/60337741_2300479490011195_1684503379130187776_o-300x300.jpg 300w\" sizes=\"(max-width: 150px) 100vw, 150px\" \/><\/a>\n\t\t\t<\/div><\/figure>\n\t\t<\/div>\n\t\t<\/div>\n\t\t\t\t<\/div>\n\t\t\t\t<\/div>\n\t\t\t\t<div class=\"elementor-element elementor-element-d692339 elementor-widget elementor-widget-video\" data-id=\"d692339\" data-element_type=\"widget\" data-settings=\"{&quot;youtube_url&quot;:&quot;https:\\\/\\\/www.youtube.com\\\/watch?v=eeYjnuZ9_HU&amp;feature=emb_title&quot;,&quot;video_type&quot;:&quot;youtube&quot;,&quot;controls&quot;:&quot;yes&quot;}\" data-widget_type=\"video.default\">\n\t\t\t\t<div class=\"elementor-widget-container\">\n\t\t\t\t\t<div class=\"elementor-wrapper elementor-open-inline\">\n\t\t\t<div class=\"elementor-video\"><\/div>\t\t<\/div>\n\t\t\t\t<\/div>\n\t\t\t\t<\/div>\n\t\t\t\t\t<\/div>\n\t\t<\/div>\n\t\t\t\t\t\t\t<\/div>\n\t\t<\/section>\n\t\t\t\t\t\t\t<\/div>\n\t\t","protected":false},"excerpt":{"rendered":"<p>N\u00e1zov aktivity: M\u00ed\u013ea pre mamu Aktivitu vedie: Miriama Luk\u00e1\u010dov\u00e1 \u010cas: druh\u00e1 m\u00e1jov\u00e1 sobota Treba sa vopred prihl\u00e1si\u0165: nie (viac inform\u00e1ci\u00ed na 0905 500 043, info@mcbambino.sk) Vekov\u00e9 ohrani\u010denie: pre v\u0161etk\u00fdch bez ohrani\u010denia veku V jeden de\u0148 pov\u00fd\u0161i\u0165 materstvo na najvy\u0161\u0161iu hodnotu v spolo\u010dnosti. Z\u00e1bavn\u00e9 popoludnie pre mal\u00fdch i ve\u013ek\u00fdch sa u\u017e tradi\u010dne kon\u00e1 v sobotu v <a class=\"read-more\" href=\"https:\/\/www.mcbambino.sk\/index.php\/nase-aktivity\/mila-pre-mamu\/\">\u010cita\u0165 \u010falej<\/a><\/p>\n","protected":false},"author":1,"featured_media":0,"parent":313,"menu_order":0,"comment_status":"closed","ping_status":"closed","template":"","meta":{"footnotes":""},"aioseo_notices":[],"_links":{"self":[{"href":"https:\/\/www.mcbambino.sk\/index.php\/wp-json\/wp\/v2\/pages\/664"}],"collection":[{"href":"https:\/\/www.mcbambino.sk\/index.php\/wp-json\/wp\/v2\/pages"}],"about":[{"href":"https:\/\/www.mcbambino.sk\/index.php\/wp-json\/wp\/v2\/types\/page"}],"author":[{"embeddable":true,"href":"https:\/\/www.mcbambino.sk\/index.php\/wp-json\/wp\/v2\/users\/1"}],"replies":[{"embeddable":true,"href":"https:\/\/www.mcbambino.sk\/index.php\/wp-json\/wp\/v2\/comments?post=664"}],"version-history":[{"count":12,"href":"https:\/\/www.mcbambino.sk\/index.php\/wp-json\/wp\/v2\/pages\/664\/revisions"}],"predecessor-version":[{"id":1252,"href":"https:\/\/www.mcbambino.sk\/index.php\/wp-json\/wp\/v2\/pages\/664\/revisions\/1252"}],"up":[{"embeddable":true,"href":"https:\/\/www.mcbambino.sk\/index.php\/wp-json\/wp\/v2\/pages\/313"}],"wp:attachment":[{"href":"https:\/\/www.mcbambino.sk\/index.php\/wp-json\/wp\/v2\/media?parent=664"}],"curies":[{"name":"wp","href":"https:\/\/api.w.org\/{rel}","templated":true}]}}