{"id":494,"date":"2020-09-02T13:33:09","date_gmt":"2020-09-02T11:33:09","guid":{"rendered":"https:\/\/www.mcbambino.sk\/?page_id=494"},"modified":"2020-09-02T22:50:44","modified_gmt":"2020-09-02T20:50:44","slug":"historia-mc-bambino","status":"publish","type":"page","link":"https:\/\/www.mcbambino.sk\/index.php\/historia-mc-bambino\/","title":{"rendered":"Hist\u00f3ria MC Bambino"},"content":{"rendered":"\t\t<div data-elementor-type=\"wp-page\" data-elementor-id=\"494\" class=\"elementor elementor-494\">\n\t\t\t\t\t\t\t\t\t<section class=\"elementor-section elementor-top-section elementor-element elementor-element-9ad23df elementor-section-boxed elementor-section-height-default elementor-section-height-default\" data-id=\"9ad23df\" data-element_type=\"section\">\n\t\t\t\t\t\t<div class=\"elementor-container elementor-column-gap-default\">\n\t\t\t\t\t<div class=\"elementor-column elementor-col-100 elementor-top-column elementor-element elementor-element-a6701c4\" data-id=\"a6701c4\" data-element_type=\"column\">\n\t\t\t<div class=\"elementor-widget-wrap elementor-element-populated\">\n\t\t\t\t\t\t\t\t<div class=\"elementor-element elementor-element-f831798 elementor-widget elementor-widget-text-editor\" data-id=\"f831798\" data-element_type=\"widget\" data-widget_type=\"text-editor.default\">\n\t\t\t\t<div class=\"elementor-widget-container\">\n\t\t\t\t\t\t\t<div><div>Matersk\u00e9 centrum BAMBINO bolo v\u00a0roku 1998 zaregistrovan\u00e9 ako ob\u010dianske zdru\u017eenie. Zdru\u017eenie vzniklo d\u0148a 7.septembra 1998 registr\u00e1ciou na Ministerstve vn\u00fatra SR pod \u010d\u00edslom VVS\/1-900\/90 14350.<\/div><div>\u00a0<\/div><div>Je to prv\u00e9 matersk\u00e9 centrum na Slovensku. Bol to n\u00e1pad mami\u010diek na materskej dovolenke, ktor\u00e9 sa stret\u00e1vali na kurzoch pl\u00e1vania pre deti. Mali siln\u00fa t\u00fa\u017ebu vytvori\u0165 miesto, kde by mohli pokra\u010dova\u0165 v\u00a0spolo\u010dn\u00fdch stretnutiach aj po skon\u010den\u00ed tohto kurzu. Chceli vytvori\u0165 miesto, ktor\u00e9 by bolo bezpe\u010dn\u00e9 a\u00a0pr\u00edjemn\u00e9. Kde by mohli tr\u00e1vi\u0165 \u010das so svojimi de\u0165mi, budova\u0165 nov\u00e9 vz\u0165ahy, z\u00edskava\u0165 potrebn\u00e9 inform\u00e1cie od sk\u00fasen\u00fdch \u017eien \u2013 mami\u010diek, \u010derpa\u0165 nov\u00e9 n\u00e1pady pre pr\u00e1cu s\u00a0de\u0165mi. Jednoducho vytvori\u0165 svet, kde by boli in\u00e9 pravidl\u00e1 ako v\u00a0tom \u0161tandardnom.<\/div><div>\u00a0<\/div><div>Ve\u013emi d\u00f4le\u017eitou osobou v\u00a0tomto pl\u00e1ne zalo\u017eenia prv\u00e9ho matersk\u00e9ho centra bola Eva Fiedlerov\u00e1. Spolu s\u00a0priate\u013ekou Danicou H\u00e1morovou a\u00a0\u010fal\u0161\u00edmi siedmimi mami\u010dkami na materskej dovolenke sl\u00e1vnostne otvorili prv\u00e9 MC na Slovensku d\u0148a 1. okt\u00f3bra 1999. Nad\u0161enie t\u00fdchto \u017eien bolo ve\u013emi ve\u013ek\u00e9. Ke\u010f\u017ee sa im podarilo zaregistrova\u0165 sa na Ministerstve vn\u00fatra, k tomu bolo potrebn\u00e9 vypracova\u0165 stanovy, ktor\u00e9 s\u00fa zahrnut\u00e9 v\u00a0\u010fal\u0161ej kapitole\u00a0tejto diplomovej pr\u00e1ce. Stalo sa ob\u010dianskym zdru\u017een\u00edm, \u010d\u00edm nepatrilo ani \u0161t\u00e1tu, ani mestu, nestalo sa podnikate\u013eom, ale nez\u00e1visl\u00fdm a patr\u00ed len \u013eu\u010fom. Po nap\u00edsan\u00ed prv\u00e9ho projektu \u010dakali pol roka, aby z\u00edskali prv\u00e9 dva granty na realiz\u00e1ciu ich my\u0161lienky a\u00a0to od: Nad\u00e1cie pre podporu ob\u010dianskych aktiv\u00edt a\u00a0Nad\u00e1cie otvorenej spolo\u010dnosti. A\u00a0postupne sa podarilo z\u00edska\u0165 a\u00a0upravi\u0165 priestory pre matersk\u00e9 centrum BAMBINO. Podarilo sa z\u00edska\u0165 ve\u013emi v\u00fdhodn\u00e9 priestory mesta a\u00a0to v b\u00fdvalej budove materskej \u0161k\u00f4lky, ktor\u00e1 s\u00eddli na \u0160rob\u00e1rovej ulici 20 v\u00a0Poprade.<\/div><div>\u00a0<\/div><div>Za\u010diatok bol samozrejme \u0165a\u017ek\u00fd a\u00a0zakladate\u013eky pracovali dobrovo\u013ene skoro cel\u00fd prv\u00fd rok, \u010dasto do neskor\u00fdch ve\u010derov. Ke\u010f\u017ee to boli \u017eeny na materskej dovolenke, nebol to ve\u013ek\u00fd probl\u00e9m a\u017e do obdobia ukon\u010denia materskej dovolenky. Nemohli len tak presta\u0165 vies\u0165 a\u00a0spravova\u0165 za\u010d\u00ednaj\u00face centrum BAMBINO. Mali v\u00e1\u017ene z\u00e1v\u00e4zky vo\u010di sponzorom a\u00a0hlavne\u00a0kv\u00f4li st\u00e1le st\u00fapaj\u00facej \u00fa\u010dasti n\u00e1v\u0161tevn\u00edkov. Na\u0161\u0165astie sa t\u00e1to situ\u00e1cia vyrie\u0161ila, preto\u017ee bol z\u00edskan\u00fd grant na in\u0161titucion\u00e1lny rozvoj, ktor\u00e9ho s\u00fa\u010das\u0165ou boli mzdy pre dvoch koordin\u00e1torov. Za\u010dali vyu\u017e\u00edva\u0165 aj absolventov z\u00a0\u00faradu pr\u00e1ce, ktor\u00fdm sta\u010dilo zada\u0165 pr\u00e1cu a\u00a0platen\u00ed boli \u0161t\u00e1tom. V\u00a0roku 2000 bolo mo\u017en\u00e9 vystava\u0165 ihrisko pred budovou a\u00a0tie\u017e pohybov\u00e9 \u0161t\u00fadio pre integr\u00e1ciu det\u00ed s\u00a0postihnut\u00edm. Uzatvorili sa zmluvy s\u00a0\u00faradom pr\u00e1ce soci\u00e1lnych vec\u00ed a rodiny a\u00a0za\u010dali zamestn\u00e1va\u0165 \u013eud\u00ed na aktiva\u010dn\u00e9 pr\u00e1ce. O\u00a0rok nesk\u00f4r u\u017e BAMBINO za\u010dalo radi\u0165 novo-za\u010d\u00ednaj\u00facim matersk\u00fdm centr\u00e1m na Slovensku. Vydalo publik\u00e1ciu know-how -\u201eAko na to\u201c (ako zalo\u017ei\u0165 MC) a\u00a0rozbieha projekt Ekogarda, ktor\u00fd zap\u00e1jal det\u00ed zo s\u00eddlisk do ochrany ihriska pred budovou matersk\u00e9ho centra. V\u00a0roku 2002 u\u017e MC BAMBINO spolu s\u00a0in\u00fdmi MC \u0161tartovalo kampa\u0148 \u201eDovo\u013ete mi vst\u00fapi\u0165 s\u00a0die\u0165a\u0165om\u201c, za\u010dalo sa teda viac hovori\u0165 o\u00a0\u017een\u00e1ch \u2013 matk\u00e1ch, \u010do prin\u00e1\u0161alo zmenu postoja spolo\u010dnosti k\u00a0tejto t\u00e9me. MC vydalo svoj prv\u00fd muzik\u00e1l s\u00a0n\u00e1zvom \u201eKozliatka\u201c a\u00a0predstavuje ho na verejnosti, na r\u00f4znych podujatiach. Znova o\u00a0rok nesk\u00f4r sa podarilo nahra\u0165 druh\u00fd muzik\u00e1l \u201eEma\u201c. Rozbieha sa \u201e\u0160kola zdrav\u00e9ho rodi\u010dovstva\u201c, ktor\u00e1 obsahuje kurzy predp\u00f4rodnej pr\u00edpravy a pr\u00edpravy na rodi\u010dovstvo. BAMBINO sa st\u00e1va riadnym \u010dlenom novovzniknutej \u00danie matersk\u00fdch centier. Kritick\u00fdm rokom po finan\u010dnej str\u00e1nke bol rok 2004. Hrozil skuto\u010dn\u00fd z\u00e1nik centra. Ale z\u00a0novonahrat\u00e9ho muzik\u00e1lu \u201eEma\u201c, ktor\u00fd mal \u00faspech, nabrali \u010dlenky op\u00e4\u0165 energiu a\u00a0ku koncu roka sa im podarilo dokonca z\u00edska\u0165 podporu z\u00a0eur\u00f3pskeho soci\u00e1lneho fondu na spolo\u010dn\u00fd projekt s\u00a0MC v\u00a0Pre\u0161ove, ktor\u00fd sa volal \u201eZ materskej dovolenky do pr\u00e1ce\u201c. Rok 2005 priniesol financie z\u00a0projektu \u201e\u0160koly zdrav\u00e9ho rodi\u010dovstva\u201c a\u00a0bolo mo\u017en\u00e9 rekon\u0161truova\u0165 budovu, ktorej chodby a\u00a0strecha boli v\u00a0\u017eivota ohrozuj\u00facom stave. Otvorila sa chr\u00e1nen\u00e1 diel\u0148a pre \u013eud\u00ed so zn\u00ed\u017eenou zdravotnou schopnos\u0165ou. V\u00a0roku 2006 sa dokon\u010dovali kompletne renov\u00e1cie na budove a\u00a0skr\u00e1\u0161\u013eovanie priestorov. Prebiehali stretnutia podporn\u00fdch skup\u00edn doj\u010denia, nezamestnan\u00fdch \u017eien po materskej dovolenke a\u00a0BAMBINO nahr\u00e1valo nov\u00e9 CD s\u00a0n\u00e1zvom \u201eFarby\u201c, ktor\u00e9 bolo vytvoren\u00e9 pre \u00fa\u010dely \u00daMC. V\u00a0tomto roku sa tie\u017e akt\u00edvne zap\u00e1jalo do kampane \u201eAko chceme vychov\u00e1va\u0165 na\u0161e deti\u201c. V\u00a0roku 2007 sa kon\u010dil spolo\u010dn\u00fd projekt s\u00a0MC v\u00a0Pre\u0161ove. Ob\u013e\u00faben\u00e9 a\u00a0vyh\u013ead\u00e1van\u00e9 za\u010d\u00ednalo by\u0165 cvi\u010denie na fit lopte, bru\u0161n\u00e9 tance a\u00a0kurz posunkovej re\u010di. MC BAMBINO tie\u017e pravidelne organizovalo zbierky Modr\u00fd gomb\u00edk (Unicef) a Nez\u00e1budka (Liga za du\u0161evn\u00e9 zdravie). Op\u00e4\u0165 v\u0161ak v\u00a0roku 2008 pri\u0161iel pre BAMBINO \u0165a\u017ek\u00fd rok, preto\u017ee granty neprech\u00e1dzali a\u00a0hrozilo, \u017ee pr\u00edde o\u00a0strechu nad hlavou. No CD \u201eFarby\u201c ktor\u00e9 malo viac ako sto \u00fa\u010dinkuj\u00facich z\u00a0\u00f4smych organiz\u00e1ci\u00ed vnieslo svetlo do tohto obdobia. Tretieho okt\u00f3bra toho roku sa konalo ich predstavenie v\u00a0Dome Kult\u00fary v\u00a0Poprade. Vedeli, \u017ee sa musia do\u00a0apr\u00edla bud\u00faceho roku vys\u0165ahova\u0165 zo s\u00fa\u010dasn\u00fdch priestorov, ale nevzd\u00e1vali sa.\u00a0Potom pri\u0161lo naj\u0165a\u017e\u0161ie obdobie matersk\u00e9ho centra a to v\u00a0roku 2009, kedy u\u017e naozaj muselo opusti\u0165 svoje dlhoro\u010dn\u00e9 priestory a\u00a0pres\u0165ahova\u0165 sa do ove\u013ea men\u0161\u00edch.<\/div><div>\u00a0<\/div><div><strong><i>Prechodn\u00e9 priestory<\/i><\/strong><\/div><\/div><div><div>Boli to komer\u010dn\u00e9 priestory v centre mesta v tzv. Dome slu\u017eieb na Francisciho ulici. N\u00e1jom pr\u00edli\u0161 vysok\u00fd a\u00a0n\u00e1v\u0161tevnos\u0165 klesala hlavne kv\u00f4li zle situovan\u00fdm priestorom. Zakladatelia BAMBINA sa v\u0161ak nevzd\u00e1vali a sna\u017eili sa\u00a0 n\u00e1js\u0165 t\u00fdch, ktor\u00ed si cenia existenciu centra a\u00a0to vytv\u00e1ran\u00edm aktiv\u00edt ako Cvi\u010denie pre mami\u010dky s\u00a0de\u0165mi. Organizovali na n\u00e1mest\u00ed aj akcie, napr\u00edklad na De\u0148 det\u00ed aj De\u0148 otcov. Nemalo to v\u0161ak st\u00e1le spr\u00e1vny efekt. Tak sa 11. septembra 2009 zorganizoval Benefi\u010dn\u00fd koncert s\u00a0n\u00e1zvom \u201eZachr\u00e1\u0148me BAMBINO\u201c ako posledn\u00e1 n\u00e1dej. A\u00a0matersk\u00e9 centrum pri\u0161li podpori\u0165 stovky \u013eud\u00ed, mlad\u00fdch rod\u00edn, ktor\u00fdm z\u00e1le\u017ealo na tom, aby MC BAMBINO pre\u017eilo. Vytvorila sa aj peti\u010dn\u00e1 listina, s\u00a0ktorou chceli zakladate\u013eky uk\u00e1za\u0165 prim\u00e1torovi, \u017ee \u013eudia v\u00a0 meste chc\u00fa ma\u0165 matersk\u00e9 centrum BAMBINO. Mali v\u00a0pl\u00e1ne \u00eds\u0165 za n\u00edm po skon\u010den\u00ed koncertu. Vyzbieralo sa viac ako 1000 podpisov. Nakoniec to v\u0161ak nebolo nutn\u00e9 preto\u017ee na z\u00e1ver koncertu sa v\u0161etci z\u00fa\u010dastnen\u00ed dozvedeli, \u017ee prim\u00e1tor mesta Poprad Ing. Anton Danko poskytol priestory. E\u0161te v\u00a0ten de\u0148 sa toti\u017e konalo mimoriadne zasadnutie Mestsk\u00e9ho zastupite\u013estva mesta Poprad, ktor\u00e9 schv\u00e1lilo pre BAMBINO 6\u00a0000 \u20ac. D\u00f4le\u017eit\u00fdmi osobami, ktor\u00e9 pomohli, aby sa toto dosiahlo boli Mari\u00e1n Galajda, redaktor r\u00e1dia Expres, Radka Novotn\u00e1 z\u00a0telev\u00edzie Poprad a\u00a0tie\u017e Slovensk\u00e1 telev\u00edzia.<\/div><div>\u00a0<\/div><div><strong><i>Tretie a s\u00fa\u010dasn\u00e9<\/i>\u00a0priestory<\/strong><\/div><\/div><div><div>Spolu s\u00a0pr\u00edspevkom od mesta sa mohli za\u010da\u0165 zve\u013ea\u010fova\u0165 tieto nov\u00e9 priestory na najv\u00e4\u010d\u0161om popradskom s\u00eddlisku Juh 3, na Zimnej ulici. Tieto priestory boli v katastrof\u00e1lnom stave. K\u00fapila sa farba na vyma\u013eovanie, koberec a\u00a0zaplatili sa rekon\u0161truk\u010dn\u00e9 pr\u00e1ce ako postavenie nutnej prie\u010dky v\u00a0chodbe, v\u00fdmena jedn\u00e9ho okna za plastov\u00e9 a\u00a0zavedenie kotla na vykurovanie. Op\u00e4\u0165 sa dobrovo\u013en\u00edcky zapojilo mnoho \u013eud\u00ed, aby pomohli. Bol to napr\u00edklad Igor Hulin, ktor\u00fd sa postaral o\u00a0osvetlenie, Vladim\u00edr Hodul montoval n\u00e1bytok, Richard Fri\u010d svojim autom prev\u00e1\u017eal veci zo star\u00fdch priestorov a J\u00e1n Hodul ma\u013eoval steny a\u00a0pren\u00e1\u0161al \u0165a\u017ek\u00fd n\u00e1bytok. Pom\u00e1hali aj \u0161tyri absolventky z \u00faradu\u00a0pr\u00e1ce, ktor\u00e9 boli prijat\u00e9 od novembra 2009 na 6 mesiacov. A\u00a0tak 20. novembra o\u00a016:00 bolo MC BAMBINO sl\u00e1vnostne otvoren\u00e9. N\u00e1jom t\u00fdchto priestorov je symbolick\u00fd a to vo v\u00fd\u0161ke 31,01 eur mesa\u010dne a\u00a0kvart\u00e1lne za energie je to 400 eur. Tento n\u00e1jom v\u00a0t\u00fdchto priestoroch maj\u00fa od mesta na 10 rokov ist\u00fd. Rok 2010 za\u010dal vysokou n\u00e1v\u0161tevnos\u0165ou a\u00a0to pokra\u010dovalo cel\u00fd rok. Cez pr\u00e1zdniny sa spustil nov\u00fd kurz \u201cAj ja u\u017e budem \u0161k\u00f4lkarom\u201d, ktor\u00fd sa naozaj ujal a\u00a0BAMBINU ve\u013emi pomohol, preto\u017ee letn\u00e9 mesiace b\u00fdvaj\u00fa v\u00e4\u010d\u0161inou stratov\u00fdmi mesiacmi. U\u017e v\u00a0roku 2012 kedy osl\u00e1vilo MC BAMBINO svoje \u0161trn\u00e1ste narodeniny, zaznamen\u00e1va tis\u00edcky n\u00e1v\u0161tev a\u00a0viac ako stovky akt\u00edvnych \u010dleniek.<strong><br \/><\/strong><\/div><div>\u00a0<\/div><\/div><div><div><strong><i>Zakladate\u013eka matersk\u00e9ho centra BAMBINO<\/i><\/strong><\/div><\/div><div><div>Eva Fiedlerov\u00e1 bola ved\u00facou \u0161tatut\u00e1rkou od roku 1998 do roku 2008. O\u00a0matersk\u00fdch centr\u00e1ch sa dozvedela z\u00a0jedn\u00e9ho \u010desk\u00e9ho \u010dasopisu po\u010das jej druhej materskej dovolenky. My\u0161lienka matersk\u00e9ho centra ju ovl\u00e1dla, preto\u017ee v\u00a0\u0148om videla rie\u0161enie jej situ\u00e1cie. Ke\u010f\u017ee Poprad bol od jej v\u00e4\u010d\u0161iny zn\u00e1mych, priate\u013eov a\u00a0rodiny vzdialen\u00fd a\u017e 350 km, potrebovala si vytvori\u0165 spolo\u010denstvo aj tu v\u00a0Poprade. Jej p\u00f4sobenie v\u00a0materskom centre by sama rozdelila na ofici\u00e1lne a\u00a0\u201e\u010dlove\u010densk\u00e9\u201c. Do ofici\u00e1lnej \u010dasti jej pr\u00e1ce patr\u00ed p\u00edsanie projektov a ich realiz\u00e1cia, oslovovanie sponzorov, h\u013eadanie ciest k samofinancovaniu, komunik\u00e1ciu s in\u0161tit\u00faciami a m\u00e9diami, ale aj \u010disto pragmatick\u00e9 \u010dinnosti ako rie\u0161enie havarijn\u00e9ho stavu strechy. T\u00e1 druh\u00e1 tzv. \u010dlove\u010densk\u00e1 \u010das\u0165 jej pr\u00e1ce jej v\u0161ak bola v\u017edy bli\u017e\u0161ia. Patrilo k\u00a0nej sp\u00e1janie \u013eud\u00ed cez spolo\u010dn\u00e9 my\u0161lienky, ich motivovanie a povzbudzovanie, po\u010d\u00favanie. Rada oce\u0148ovala ich pr\u00e1cu a\u00a0povzbudzovala \u013eud\u00ed, ktor\u00ed zav\u00edtali do jej bl\u00edzkosti. Spolu so v\u0161etk\u00fdmi, ktor\u00ed jej pom\u00e1hali vytvori\u0165 BAMBINO m\u00e1 dodnes priate\u013esk\u00fd vz\u0165ah a\u00a0zhoduj\u00fa sa v\u00a0to, \u017ee BAMBINO znamenalo obrovsk\u00fd zlom v ich \u017eivotoch a v poh\u013eade na svet. Dnes pracuje ako mana\u017e\u00e9rka na projekte v\u00a0oblasti umenia financovan\u00e9ho zo \u0160truktur\u00e1lnych fondov \u00a0EU v\u00a0jednej rozpo\u010dtovej organiz\u00e1cii a\u00a0je aj koordin\u00e1torkou kampane \u201eAko chceme vychov\u00e1va\u0165 na\u0161e deti\u201c. Najn\u00e1ro\u010dnej\u0161ie na tejto jej s\u00fa\u010dasnej pr\u00e1ci je pre \u0148u in\u00e1 kvalita medzi\u013eudsk\u00fdch vz\u0165ahov a\u00a0extr\u00e9mna byrokracia. Ale najkraj\u0161ie s\u00fa aj tie najmen\u0161ie \u00faspechy, ktor\u00e9 za t\u00fdchto n\u00e1ro\u010dn\u00fdch podmienok, aj ke\u010f nebadane, ale pos\u00favaj\u00fa projekt k svojmu cie\u013eu. Pani Fiedlerovej z\u00e1le\u017e\u00ed na pr\u00e1ci, ktor\u00e1 m\u00e1 pre \u013eud\u00ed skuto\u010dn\u00fd v\u00fdznam a umo\u017e\u0148uje jej priamy kontakt s\u00a0\u010dlovekom. Tvrd\u00ed, \u017ee MC s\u00fa ve\u013emi dynamick\u00e9 organizmy, ktor\u00e9 reaguj\u00fa na potreby \u013eud\u00ed, ktor\u00ed sa o ne staraj\u00fa a \u013eud\u00ed, ktor\u00fdm maj\u00fa sl\u00fa\u017ei\u0165. S\u00fa najsilnej\u0161ie vtedy, ke\u010f \u017eij\u00fa z nad\u0161enia, ke\u010f umo\u017e\u0148uj\u00fa \u013eu\u010fom lep\u0161ie si porozumie\u0165, vz\u00e1jomne si pom\u00f4c\u0165, podpori\u0165.<\/div><\/div>\t\t\t\t\t\t<\/div>\n\t\t\t\t<\/div>\n\t\t\t\t\t<\/div>\n\t\t<\/div>\n\t\t\t\t\t\t\t<\/div>\n\t\t<\/section>\n\t\t\t\t<section class=\"elementor-section elementor-top-section elementor-element elementor-element-0f74eba elementor-section-boxed elementor-section-height-default elementor-section-height-default\" data-id=\"0f74eba\" data-element_type=\"section\">\n\t\t\t\t\t\t<div class=\"elementor-container elementor-column-gap-default\">\n\t\t\t\t\t<div class=\"elementor-column elementor-col-100 elementor-top-column elementor-element elementor-element-1acfb3a\" data-id=\"1acfb3a\" data-element_type=\"column\">\n\t\t\t<div class=\"elementor-widget-wrap elementor-element-populated\">\n\t\t\t\t\t\t\t\t<div class=\"elementor-element elementor-element-66961de elementor-widget elementor-widget-video\" data-id=\"66961de\" data-element_type=\"widget\" data-settings=\"{&quot;youtube_url&quot;:&quot;https:\\\/\\\/www.youtube.com\\\/watch?time_continue=2&amp;v=coiTaB0akbk&amp;feature=emb_title&quot;,&quot;video_type&quot;:&quot;youtube&quot;,&quot;controls&quot;:&quot;yes&quot;}\" data-widget_type=\"video.default\">\n\t\t\t\t<div class=\"elementor-widget-container\">\n\t\t\t\t\t<div class=\"elementor-wrapper elementor-open-inline\">\n\t\t\t<div class=\"elementor-video\"><\/div>\t\t<\/div>\n\t\t\t\t<\/div>\n\t\t\t\t<\/div>\n\t\t\t\t\t<\/div>\n\t\t<\/div>\n\t\t\t\t\t\t\t<\/div>\n\t\t<\/section>\n\t\t\t\t\t\t\t<\/div>\n\t\t","protected":false},"excerpt":{"rendered":"<p>Matersk\u00e9 centrum BAMBINO bolo v\u00a0roku 1998 zaregistrovan\u00e9 ako ob\u010dianske zdru\u017eenie. Zdru\u017eenie vzniklo d\u0148a 7.septembra 1998 registr\u00e1ciou na Ministerstve vn\u00fatra SR pod \u010d\u00edslom VVS\/1-900\/90 14350.\u00a0Je to prv\u00e9 matersk\u00e9 centrum na Slovensku. Bol to n\u00e1pad mami\u010diek na materskej dovolenke, ktor\u00e9 sa stret\u00e1vali na kurzoch pl\u00e1vania pre deti. Mali siln\u00fa t\u00fa\u017ebu vytvori\u0165 miesto, kde by mohli pokra\u010dova\u0165 v\u00a0spolo\u010dn\u00fdch <a class=\"read-more\" href=\"https:\/\/www.mcbambino.sk\/index.php\/historia-mc-bambino\/\">\u010cita\u0165 \u010falej<\/a><\/p>\n","protected":false},"author":1,"featured_media":0,"parent":0,"menu_order":0,"comment_status":"closed","ping_status":"closed","template":"","meta":{"footnotes":""},"aioseo_notices":[],"_links":{"self":[{"href":"https:\/\/www.mcbambino.sk\/index.php\/wp-json\/wp\/v2\/pages\/494"}],"collection":[{"href":"https:\/\/www.mcbambino.sk\/index.php\/wp-json\/wp\/v2\/pages"}],"about":[{"href":"https:\/\/www.mcbambino.sk\/index.php\/wp-json\/wp\/v2\/types\/page"}],"author":[{"embeddable":true,"href":"https:\/\/www.mcbambino.sk\/index.php\/wp-json\/wp\/v2\/users\/1"}],"replies":[{"embeddable":true,"href":"https:\/\/www.mcbambino.sk\/index.php\/wp-json\/wp\/v2\/comments?post=494"}],"version-history":[{"count":5,"href":"https:\/\/www.mcbambino.sk\/index.php\/wp-json\/wp\/v2\/pages\/494\/revisions"}],"predecessor-version":[{"id":648,"href":"https:\/\/www.mcbambino.sk\/index.php\/wp-json\/wp\/v2\/pages\/494\/revisions\/648"}],"wp:attachment":[{"href":"https:\/\/www.mcbambino.sk\/index.php\/wp-json\/wp\/v2\/media?parent=494"}],"curies":[{"name":"wp","href":"https:\/\/api.w.org\/{rel}","templated":true}]}}