{"id":428,"date":"2020-09-02T12:15:24","date_gmt":"2020-09-02T10:15:24","guid":{"rendered":"https:\/\/www.mcbambino.sk\/?page_id=428"},"modified":"2024-02-12T20:14:32","modified_gmt":"2024-02-12T19:14:32","slug":"opatrovanie-deti","status":"publish","type":"page","link":"https:\/\/www.mcbambino.sk\/index.php\/nase-aktivity\/opatrovanie-deti\/","title":{"rendered":"Opatrovanie det\u00ed"},"content":{"rendered":"\t\t<div data-elementor-type=\"wp-page\" data-elementor-id=\"428\" class=\"elementor elementor-428\">\n\t\t\t\t\t\t\t\t\t<section class=\"elementor-section elementor-top-section elementor-element elementor-element-b8273e5 elementor-section-boxed elementor-section-height-default elementor-section-height-default\" data-id=\"b8273e5\" data-element_type=\"section\">\n\t\t\t\t\t\t<div class=\"elementor-container elementor-column-gap-default\">\n\t\t\t\t\t<div class=\"elementor-column elementor-col-100 elementor-top-column elementor-element elementor-element-9ff2913\" data-id=\"9ff2913\" data-element_type=\"column\">\n\t\t\t<div class=\"elementor-widget-wrap elementor-element-populated\">\n\t\t\t\t\t\t\t\t<div class=\"elementor-element elementor-element-c762afc elementor-align-left elementor-icon-list--layout-traditional elementor-list-item-link-full_width elementor-widget elementor-widget-icon-list\" data-id=\"c762afc\" data-element_type=\"widget\" data-widget_type=\"icon-list.default\">\n\t\t\t\t<div class=\"elementor-widget-container\">\n\t\t\t\t\t<ul class=\"elementor-icon-list-items\">\n\t\t\t\t\t\t\t<li class=\"elementor-icon-list-item\">\n\t\t\t\t\t\t\t\t\t\t\t<span class=\"elementor-icon-list-icon\">\n\t\t\t\t\t\t\t<i aria-hidden=\"true\" class=\"fas fa-receipt\"><\/i>\t\t\t\t\t\t<\/span>\n\t\t\t\t\t\t\t\t\t\t<span class=\"elementor-icon-list-text\">N\u00e1zov aktivity: Opatrovanie det\u00ed<\/span>\n\t\t\t\t\t\t\t\t\t<\/li>\n\t\t\t\t\t\t\t\t<li class=\"elementor-icon-list-item\">\n\t\t\t\t\t\t\t\t\t\t\t<span class=\"elementor-icon-list-icon\">\n\t\t\t\t\t\t\t<i aria-hidden=\"true\" class=\"far fa-user\"><\/i>\t\t\t\t\t\t<\/span>\n\t\t\t\t\t\t\t\t\t\t<span class=\"elementor-icon-list-text\">Aktivitu vedie: Miriama Luk\u00e1\u010dov\u00e1<\/span>\n\t\t\t\t\t\t\t\t\t<\/li>\n\t\t\t\t\t\t\t\t<li class=\"elementor-icon-list-item\">\n\t\t\t\t\t\t\t\t\t\t\t<span class=\"elementor-icon-list-icon\">\n\t\t\t\t\t\t\t<i aria-hidden=\"true\" class=\"far fa-calendar-alt\"><\/i>\t\t\t\t\t\t<\/span>\n\t\t\t\t\t\t\t\t\t\t<span class=\"elementor-icon-list-text\">\u010cas: nepravideln\u00e1 aktivita po dohode<\/span>\n\t\t\t\t\t\t\t\t\t<\/li>\n\t\t\t\t\t\t\t\t<li class=\"elementor-icon-list-item\">\n\t\t\t\t\t\t\t\t\t\t\t<span class=\"elementor-icon-list-icon\">\n\t\t\t\t\t\t\t<i aria-hidden=\"true\" class=\"fas fa-comment\"><\/i>\t\t\t\t\t\t<\/span>\n\t\t\t\t\t\t\t\t\t\t<span class=\"elementor-icon-list-text\">Treba sa vopred prihl\u00e1si\u0165: 0905 500 043, info@mcbambino.sk <\/span>\n\t\t\t\t\t\t\t\t\t<\/li>\n\t\t\t\t\t\t\t\t<li class=\"elementor-icon-list-item\">\n\t\t\t\t\t\t\t\t\t\t\t<span class=\"elementor-icon-list-icon\">\n\t\t\t\t\t\t\t<i aria-hidden=\"true\" class=\"fas fa-universal-access\"><\/i>\t\t\t\t\t\t<\/span>\n\t\t\t\t\t\t\t\t\t\t<span class=\"elementor-icon-list-text\">Vekov\u00e9 ohrani\u010denie: bez vekov\u00e9ho ohrani\u010denia<\/span>\n\t\t\t\t\t\t\t\t\t<\/li>\n\t\t\t\t\t\t<\/ul>\n\t\t\t\t<\/div>\n\t\t\t\t<\/div>\n\t\t\t\t\t<\/div>\n\t\t<\/div>\n\t\t\t\t\t\t\t<\/div>\n\t\t<\/section>\n\t\t\t\t<section class=\"elementor-section elementor-top-section elementor-element elementor-element-6798d9d elementor-section-boxed elementor-section-height-default elementor-section-height-default\" data-id=\"6798d9d\" data-element_type=\"section\">\n\t\t\t\t\t\t<div class=\"elementor-container elementor-column-gap-default\">\n\t\t\t\t\t<div class=\"elementor-column elementor-col-100 elementor-top-column elementor-element elementor-element-0b35f1c\" data-id=\"0b35f1c\" data-element_type=\"column\">\n\t\t\t<div class=\"elementor-widget-wrap elementor-element-populated\">\n\t\t\t\t\t\t\t\t<div class=\"elementor-element elementor-element-a37d981 elementor-widget elementor-widget-text-editor\" data-id=\"a37d981\" data-element_type=\"widget\" data-widget_type=\"text-editor.default\">\n\t\t\t\t<div class=\"elementor-widget-container\">\n\t\t\t\t\t\t\t<p>Po dohode sme V\u00e1m k dispoz\u00edci\u00ed aj v pr\u00edpade, ak potrebujete nie\u010do vybavi\u0165, odsko\u010di\u0165 si, \u010di \u00eds\u0165 zacvi\u010di\u0165 a nem\u00e1te kde necha\u0165 svoje die\u0165atko. Vieme V\u00e1m v tom \u010dase postr\u00e1\u017ei\u0165 Va\u0161e ratolesti u n\u00e1s v Bambine. K dispoz\u00edci\u00ed im bude mal\u00e1 her\u0148a, popr\u00edpade montessori her\u0148a, nie je vyl\u00fa\u010den\u00fd ani pobyt vonku v pr\u00edpade pekn\u00e9ho po\u010dasia a po vz\u00e1jomnej dohode. Die\u0165atku je vhodn\u00e9 zabezpe\u010di\u0165 n\u00e1hradn\u00e9 oble\u010denie, ak nos\u00ed plienky, tak aj tiey a taktie\u017e nie\u010do drobn\u00e9 na zjedenie.<\/p>\t\t\t\t\t\t<\/div>\n\t\t\t\t<\/div>\n\t\t\t\t\t<\/div>\n\t\t<\/div>\n\t\t\t\t\t\t\t<\/div>\n\t\t<\/section>\n\t\t\t\t<section class=\"elementor-section elementor-top-section elementor-element elementor-element-cd73f33 elementor-section-boxed elementor-section-height-default elementor-section-height-default\" data-id=\"cd73f33\" data-element_type=\"section\">\n\t\t\t\t\t\t<div class=\"elementor-container elementor-column-gap-default\">\n\t\t\t\t\t<div class=\"elementor-column elementor-col-100 elementor-top-column elementor-element elementor-element-10a46a4\" data-id=\"10a46a4\" data-element_type=\"column\">\n\t\t\t<div class=\"elementor-widget-wrap elementor-element-populated\">\n\t\t\t\t\t\t\t\t<div class=\"elementor-element elementor-element-b05a2cd elementor-widget elementor-widget-image-gallery\" data-id=\"b05a2cd\" data-element_type=\"widget\" data-widget_type=\"image-gallery.default\">\n\t\t\t\t<div class=\"elementor-widget-container\">\n\t\t\t\t\t<div class=\"elementor-image-gallery\">\n\t\t\t<div id='gallery-1' class='gallery galleryid-428 gallery-columns-5 gallery-size-thumbnail'><figure class='gallery-item'>\n\t\t\t<div class='gallery-icon landscape'>\n\t\t\t\t<a data-elementor-open-lightbox=\"yes\" data-elementor-lightbox-slideshow=\"b05a2cd\" data-elementor-lightbox-title=\"69184403_2514228658636276_913589713372184576_n\" data-e-action-hash=\"#elementor-action%3Aaction%3Dlightbox%26settings%3DeyJpZCI6NDMwLCJ1cmwiOiJodHRwczpcL1wvd3d3Lm1jYmFtYmluby5za1wvd3AtY29udGVudFwvdXBsb2Fkc1wvMjAyMFwvMDlcLzY5MTg0NDAzXzI1MTQyMjg2NTg2MzYyNzZfOTEzNTg5NzEzMzcyMTg0NTc2X24uanBnIiwic2xpZGVzaG93IjoiYjA1YTJjZCJ9\" href='https:\/\/www.mcbambino.sk\/wp-content\/uploads\/2020\/09\/69184403_2514228658636276_913589713372184576_n.jpg'><img loading=\"lazy\" decoding=\"async\" width=\"150\" height=\"150\" src=\"https:\/\/www.mcbambino.sk\/wp-content\/uploads\/2020\/09\/69184403_2514228658636276_913589713372184576_n-150x150.jpg\" class=\"attachment-thumbnail size-thumbnail\" alt=\"\" srcset=\"https:\/\/www.mcbambino.sk\/wp-content\/uploads\/2020\/09\/69184403_2514228658636276_913589713372184576_n-150x150.jpg 150w, https:\/\/www.mcbambino.sk\/wp-content\/uploads\/2020\/09\/69184403_2514228658636276_913589713372184576_n-300x300.jpg 300w\" sizes=\"(max-width: 150px) 100vw, 150px\" \/><\/a>\n\t\t\t<\/div><\/figure><figure class='gallery-item'>\n\t\t\t<div class='gallery-icon portrait'>\n\t\t\t\t<a data-elementor-open-lightbox=\"yes\" data-elementor-lightbox-slideshow=\"b05a2cd\" data-elementor-lightbox-title=\"IMG_2031\" data-e-action-hash=\"#elementor-action%3Aaction%3Dlightbox%26settings%3DeyJpZCI6NDMxLCJ1cmwiOiJodHRwczpcL1wvd3d3Lm1jYmFtYmluby5za1wvd3AtY29udGVudFwvdXBsb2Fkc1wvMjAyMFwvMDlcL0lNR18yMDMxLXNjYWxlZC5qcGciLCJzbGlkZXNob3ciOiJiMDVhMmNkIn0%3D\" href='https:\/\/www.mcbambino.sk\/wp-content\/uploads\/2020\/09\/IMG_2031-scaled.jpg'><img loading=\"lazy\" decoding=\"async\" width=\"150\" height=\"150\" src=\"https:\/\/www.mcbambino.sk\/wp-content\/uploads\/2020\/09\/IMG_2031-150x150.jpg\" class=\"attachment-thumbnail size-thumbnail\" alt=\"\" srcset=\"https:\/\/www.mcbambino.sk\/wp-content\/uploads\/2020\/09\/IMG_2031-150x150.jpg 150w, https:\/\/www.mcbambino.sk\/wp-content\/uploads\/2020\/09\/IMG_2031-scaled-300x300.jpg 300w\" sizes=\"(max-width: 150px) 100vw, 150px\" \/><\/a>\n\t\t\t<\/div><\/figure><figure class='gallery-item'>\n\t\t\t<div class='gallery-icon portrait'>\n\t\t\t\t<a data-elementor-open-lightbox=\"yes\" data-elementor-lightbox-slideshow=\"b05a2cd\" data-elementor-lightbox-title=\"dav\" data-e-action-hash=\"#elementor-action%3Aaction%3Dlightbox%26settings%3DeyJpZCI6NDMyLCJ1cmwiOiJodHRwczpcL1wvd3d3Lm1jYmFtYmluby5za1wvd3AtY29udGVudFwvdXBsb2Fkc1wvMjAyMFwvMDlcL0lNR18yMDE4MDMyOF8xMTI0MDYtc2NhbGVkLmpwZyIsInNsaWRlc2hvdyI6ImIwNWEyY2QifQ%3D%3D\" href='https:\/\/www.mcbambino.sk\/wp-content\/uploads\/2020\/09\/IMG_20180328_112406-scaled.jpg'><img loading=\"lazy\" decoding=\"async\" width=\"150\" height=\"150\" src=\"https:\/\/www.mcbambino.sk\/wp-content\/uploads\/2020\/09\/IMG_20180328_112406-150x150.jpg\" class=\"attachment-thumbnail size-thumbnail\" alt=\"\" srcset=\"https:\/\/www.mcbambino.sk\/wp-content\/uploads\/2020\/09\/IMG_20180328_112406-150x150.jpg 150w, https:\/\/www.mcbambino.sk\/wp-content\/uploads\/2020\/09\/IMG_20180328_112406-scaled-300x300.jpg 300w\" sizes=\"(max-width: 150px) 100vw, 150px\" \/><\/a>\n\t\t\t<\/div><\/figure><figure class='gallery-item'>\n\t\t\t<div class='gallery-icon landscape'>\n\t\t\t\t<a data-elementor-open-lightbox=\"yes\" data-elementor-lightbox-slideshow=\"b05a2cd\" data-elementor-lightbox-title=\"dav\" data-e-action-hash=\"#elementor-action%3Aaction%3Dlightbox%26settings%3DeyJpZCI6NDMzLCJ1cmwiOiJodHRwczpcL1wvd3d3Lm1jYmFtYmluby5za1wvd3AtY29udGVudFwvdXBsb2Fkc1wvMjAyMFwvMDlcL0lNR18yMDE4MDgxNl8wOTIwMjItc2NhbGVkLmpwZyIsInNsaWRlc2hvdyI6ImIwNWEyY2QifQ%3D%3D\" href='https:\/\/www.mcbambino.sk\/wp-content\/uploads\/2020\/09\/IMG_20180816_092022-scaled.jpg'><img loading=\"lazy\" decoding=\"async\" width=\"150\" height=\"150\" src=\"https:\/\/www.mcbambino.sk\/wp-content\/uploads\/2020\/09\/IMG_20180816_092022-150x150.jpg\" class=\"attachment-thumbnail size-thumbnail\" alt=\"\" srcset=\"https:\/\/www.mcbambino.sk\/wp-content\/uploads\/2020\/09\/IMG_20180816_092022-150x150.jpg 150w, https:\/\/www.mcbambino.sk\/wp-content\/uploads\/2020\/09\/IMG_20180816_092022-scaled-300x300.jpg 300w\" sizes=\"(max-width: 150px) 100vw, 150px\" \/><\/a>\n\t\t\t<\/div><\/figure><figure class='gallery-item'>\n\t\t\t<div class='gallery-icon landscape'>\n\t\t\t\t<a data-elementor-open-lightbox=\"yes\" data-elementor-lightbox-slideshow=\"b05a2cd\" data-elementor-lightbox-title=\"dav\" data-e-action-hash=\"#elementor-action%3Aaction%3Dlightbox%26settings%3DeyJpZCI6NDM0LCJ1cmwiOiJodHRwczpcL1wvd3d3Lm1jYmFtYmluby5za1wvd3AtY29udGVudFwvdXBsb2Fkc1wvMjAyMFwvMDlcL0lNR18yMDE4MTEzMF8wOTA2Mjgtc2NhbGVkLmpwZyIsInNsaWRlc2hvdyI6ImIwNWEyY2QifQ%3D%3D\" href='https:\/\/www.mcbambino.sk\/wp-content\/uploads\/2020\/09\/IMG_20181130_090628-scaled.jpg'><img loading=\"lazy\" decoding=\"async\" width=\"150\" height=\"150\" src=\"https:\/\/www.mcbambino.sk\/wp-content\/uploads\/2020\/09\/IMG_20181130_090628-150x150.jpg\" class=\"attachment-thumbnail size-thumbnail\" alt=\"\" srcset=\"https:\/\/www.mcbambino.sk\/wp-content\/uploads\/2020\/09\/IMG_20181130_090628-150x150.jpg 150w, https:\/\/www.mcbambino.sk\/wp-content\/uploads\/2020\/09\/IMG_20181130_090628-scaled-300x300.jpg 300w\" sizes=\"(max-width: 150px) 100vw, 150px\" \/><\/a>\n\t\t\t<\/div><\/figure>\n\t\t<\/div>\n\t\t<\/div>\n\t\t\t\t<\/div>\n\t\t\t\t<\/div>\n\t\t\t\t\t<\/div>\n\t\t<\/div>\n\t\t\t\t\t\t\t<\/div>\n\t\t<\/section>\n\t\t\t\t\t\t\t<\/div>\n\t\t","protected":false},"excerpt":{"rendered":"<p>N\u00e1zov aktivity: Opatrovanie det\u00ed Aktivitu vedie: Miriama Luk\u00e1\u010dov\u00e1 \u010cas: nepravideln\u00e1 aktivita po dohode Treba sa vopred prihl\u00e1si\u0165: 0905 500 043, info@mcbambino.sk Vekov\u00e9 ohrani\u010denie: bez vekov\u00e9ho ohrani\u010denia Po dohode sme V\u00e1m k dispoz\u00edci\u00ed aj v pr\u00edpade, ak potrebujete nie\u010do vybavi\u0165, odsko\u010di\u0165 si, \u010di \u00eds\u0165 zacvi\u010di\u0165 a nem\u00e1te kde necha\u0165 svoje die\u0165atko. Vieme V\u00e1m v tom \u010dase <a class=\"read-more\" href=\"https:\/\/www.mcbambino.sk\/index.php\/nase-aktivity\/opatrovanie-deti\/\">\u010cita\u0165 \u010falej<\/a><\/p>\n","protected":false},"author":1,"featured_media":0,"parent":313,"menu_order":0,"comment_status":"closed","ping_status":"closed","template":"","meta":{"footnotes":""},"aioseo_notices":[],"_links":{"self":[{"href":"https:\/\/www.mcbambino.sk\/index.php\/wp-json\/wp\/v2\/pages\/428"}],"collection":[{"href":"https:\/\/www.mcbambino.sk\/index.php\/wp-json\/wp\/v2\/pages"}],"about":[{"href":"https:\/\/www.mcbambino.sk\/index.php\/wp-json\/wp\/v2\/types\/page"}],"author":[{"embeddable":true,"href":"https:\/\/www.mcbambino.sk\/index.php\/wp-json\/wp\/v2\/users\/1"}],"replies":[{"embeddable":true,"href":"https:\/\/www.mcbambino.sk\/index.php\/wp-json\/wp\/v2\/comments?post=428"}],"version-history":[{"count":17,"href":"https:\/\/www.mcbambino.sk\/index.php\/wp-json\/wp\/v2\/pages\/428\/revisions"}],"predecessor-version":[{"id":1394,"href":"https:\/\/www.mcbambino.sk\/index.php\/wp-json\/wp\/v2\/pages\/428\/revisions\/1394"}],"up":[{"embeddable":true,"href":"https:\/\/www.mcbambino.sk\/index.php\/wp-json\/wp\/v2\/pages\/313"}],"wp:attachment":[{"href":"https:\/\/www.mcbambino.sk\/index.php\/wp-json\/wp\/v2\/media?parent=428"}],"curies":[{"name":"wp","href":"https:\/\/api.w.org\/{rel}","templated":true}]}}