{"id":313,"date":"2020-09-01T17:27:12","date_gmt":"2020-09-01T15:27:12","guid":{"rendered":"https:\/\/www.mcbambino.sk\/?page_id=313"},"modified":"2024-09-11T21:33:09","modified_gmt":"2024-09-11T19:33:09","slug":"nase-aktivity","status":"publish","type":"page","link":"https:\/\/www.mcbambino.sk\/index.php\/nase-aktivity\/","title":{"rendered":"Na\u0161e aktivity"},"content":{"rendered":"\t\t<div data-elementor-type=\"wp-page\" data-elementor-id=\"313\" class=\"elementor elementor-313\">\n\t\t\t\t\t\t\t\t\t<section class=\"elementor-section elementor-top-section elementor-element elementor-element-30c4638 elementor-section-boxed elementor-section-height-default elementor-section-height-default\" data-id=\"30c4638\" data-element_type=\"section\">\n\t\t\t\t\t\t<div class=\"elementor-container elementor-column-gap-default\">\n\t\t\t\t\t<div class=\"elementor-column elementor-col-100 elementor-top-column elementor-element elementor-element-5dcb6a8\" data-id=\"5dcb6a8\" data-element_type=\"column\">\n\t\t\t<div class=\"elementor-widget-wrap elementor-element-populated\">\n\t\t\t\t\t\t\t\t<div class=\"elementor-element elementor-element-87cf5fd elementor-position-left elementor-vertical-align-top elementor-widget elementor-widget-image-box\" data-id=\"87cf5fd\" data-element_type=\"widget\" data-widget_type=\"image-box.default\">\n\t\t\t\t<div class=\"elementor-widget-container\">\n\t\t\t<div class=\"elementor-image-box-wrapper\"><figure class=\"elementor-image-box-img\"><a href=\"https:\/\/www.mcbambino.sk\/index.php\/nase-aktivity\/predskolkarska-priprava\/\" tabindex=\"-1\"><img loading=\"lazy\" decoding=\"async\" width=\"300\" height=\"225\" src=\"https:\/\/www.mcbambino.sk\/wp-content\/uploads\/2020\/09\/IMG_3439-300x225.jpg\" class=\"attachment-medium size-medium wp-image-325\" alt=\"\" srcset=\"https:\/\/www.mcbambino.sk\/wp-content\/uploads\/2020\/09\/IMG_3439-300x225.jpg 300w, https:\/\/www.mcbambino.sk\/wp-content\/uploads\/2020\/09\/IMG_3439-scaled-600x450.jpg 600w, https:\/\/www.mcbambino.sk\/wp-content\/uploads\/2020\/09\/IMG_3439-1024x768.jpg 1024w, https:\/\/www.mcbambino.sk\/wp-content\/uploads\/2020\/09\/IMG_3439-768x576.jpg 768w, https:\/\/www.mcbambino.sk\/wp-content\/uploads\/2020\/09\/IMG_3439-1536x1152.jpg 1536w, https:\/\/www.mcbambino.sk\/wp-content\/uploads\/2020\/09\/IMG_3439-2048x1536.jpg 2048w\" sizes=\"(max-width: 300px) 100vw, 300px\" \/><\/a><\/figure><div class=\"elementor-image-box-content\"><h3 class=\"elementor-image-box-title\"><a href=\"https:\/\/www.mcbambino.sk\/index.php\/nase-aktivity\/predskolkarska-priprava\/\">Pred\u0161k\u00f4lk\u00e1rska pr\u00edprava<\/a><\/h3><p class=\"elementor-image-box-description\">Po\u010das tohto kurzu sa deti nau\u010dia postupn\u00e9mu odl\u00fa\u010deniu najm\u00e4 od svojej mami\u010dky (taktie\u017e to plat\u00ed opa\u010dne pre mami\u010dku) a spozn\u00e1vaj\u00fa \u0161k\u00f4lkarsky syst\u00e9m. Pre viac inform\u00e1ci\u00ed otvorte t\u00fato aktivitu.<\/p><\/div><\/div>\t\t<\/div>\n\t\t\t\t<\/div>\n\t\t\t\t<div class=\"elementor-element elementor-element-07ab28f elementor-position-left elementor-vertical-align-top elementor-widget elementor-widget-image-box\" data-id=\"07ab28f\" data-element_type=\"widget\" data-widget_type=\"image-box.default\">\n\t\t\t\t<div class=\"elementor-widget-container\">\n\t\t\t<div class=\"elementor-image-box-wrapper\"><figure class=\"elementor-image-box-img\"><a href=\"https:\/\/www.mcbambino.sk\/index.php\/nase-aktivity\/kolo-kolo-mlynske\/\" tabindex=\"-1\"><img loading=\"lazy\" decoding=\"async\" width=\"300\" height=\"225\" src=\"https:\/\/www.mcbambino.sk\/wp-content\/uploads\/2020\/09\/20181017_101408-300x225.jpg\" class=\"attachment-medium size-medium wp-image-404\" alt=\"\" srcset=\"https:\/\/www.mcbambino.sk\/wp-content\/uploads\/2020\/09\/20181017_101408-300x225.jpg 300w, https:\/\/www.mcbambino.sk\/wp-content\/uploads\/2020\/09\/20181017_101408-scaled-600x450.jpg 600w, https:\/\/www.mcbambino.sk\/wp-content\/uploads\/2020\/09\/20181017_101408-1024x768.jpg 1024w, https:\/\/www.mcbambino.sk\/wp-content\/uploads\/2020\/09\/20181017_101408-768x576.jpg 768w, https:\/\/www.mcbambino.sk\/wp-content\/uploads\/2020\/09\/20181017_101408-1536x1152.jpg 1536w, https:\/\/www.mcbambino.sk\/wp-content\/uploads\/2020\/09\/20181017_101408-2048x1536.jpg 2048w\" sizes=\"(max-width: 300px) 100vw, 300px\" \/><\/a><\/figure><div class=\"elementor-image-box-content\"><h3 class=\"elementor-image-box-title\"><a href=\"https:\/\/www.mcbambino.sk\/index.php\/nase-aktivity\/kolo-kolo-mlynske\/\">Kolo, kolo mlynsk\u00e9<\/a><\/h3><p class=\"elementor-image-box-description\">Spievanie, tancovanie a hra na hudobn\u00fdch n\u00e1strojoch spolu s de\u0165mi. Dominika hr\u00e1 na gitare, spieva zn\u00e1me detsk\u00e9 piesne a spolo\u010dne tak tr\u00e1vime \u010das s hudbou. Pre viac inform\u00e1ci\u00ed otvorte t\u00fato aktivitu.\u200b<\/p><\/div><\/div>\t\t<\/div>\n\t\t\t\t<\/div>\n\t\t\t\t<div class=\"elementor-element elementor-element-f293637 elementor-position-left elementor-vertical-align-top elementor-widget elementor-widget-image-box\" data-id=\"f293637\" data-element_type=\"widget\" data-widget_type=\"image-box.default\">\n\t\t\t\t<div class=\"elementor-widget-container\">\n\t\t\t<div class=\"elementor-image-box-wrapper\"><figure class=\"elementor-image-box-img\"><a href=\"https:\/\/www.mcbambino.sk\/index.php\/nase-aktivity\/opatrovanie-deti\/\" tabindex=\"-1\"><img loading=\"lazy\" decoding=\"async\" width=\"300\" height=\"225\" src=\"https:\/\/www.mcbambino.sk\/wp-content\/uploads\/2020\/09\/69184403_2514228658636276_913589713372184576_n-300x225.jpg\" class=\"attachment-medium size-medium wp-image-430\" alt=\"\" srcset=\"https:\/\/www.mcbambino.sk\/wp-content\/uploads\/2020\/09\/69184403_2514228658636276_913589713372184576_n-300x225.jpg 300w, https:\/\/www.mcbambino.sk\/wp-content\/uploads\/2020\/09\/69184403_2514228658636276_913589713372184576_n-600x450.jpg 600w, https:\/\/www.mcbambino.sk\/wp-content\/uploads\/2020\/09\/69184403_2514228658636276_913589713372184576_n.jpg 750w\" sizes=\"(max-width: 300px) 100vw, 300px\" \/><\/a><\/figure><div class=\"elementor-image-box-content\"><h3 class=\"elementor-image-box-title\"><a href=\"https:\/\/www.mcbambino.sk\/index.php\/nase-aktivity\/opatrovanie-deti\/\">Opatrovanie det\u00ed<\/a><\/h3><p class=\"elementor-image-box-description\">Po dohode sme V\u00e1m k dispoz\u00edci\u00ed aj v pr\u00edpade, ak potrebujete nie\u010do vybavi\u0165, odsko\u010di\u0165 si, \u010di \u00eds\u0165 zacvi\u010di\u0165 a nem\u00e1te kde necha\u0165 svoje die\u0165atko. Pre viac inform\u00e1ci\u00ed otvorte t\u00fato aktivitu.\u200b\u200b <\/p><\/div><\/div>\t\t<\/div>\n\t\t\t\t<\/div>\n\t\t\t\t<div class=\"elementor-element elementor-element-bf5fab5 elementor-position-left elementor-vertical-align-top elementor-widget elementor-widget-image-box\" data-id=\"bf5fab5\" data-element_type=\"widget\" data-widget_type=\"image-box.default\">\n\t\t\t\t<div class=\"elementor-widget-container\">\n\t\t\t<div class=\"elementor-image-box-wrapper\"><figure class=\"elementor-image-box-img\"><a href=\"https:\/\/www.mcbambino.sk\/index.php\/nase-aktivity\/flyjoga-pre-deti-2\/\" tabindex=\"-1\"><img loading=\"lazy\" decoding=\"async\" width=\"282\" height=\"300\" src=\"https:\/\/www.mcbambino.sk\/wp-content\/uploads\/2022\/05\/IMG-eb27d39e9787143c7b6b9e4a28ed7263-V-e1651691089216-282x300.jpg\" class=\"attachment-medium size-medium wp-image-1054\" alt=\"\" srcset=\"https:\/\/www.mcbambino.sk\/wp-content\/uploads\/2022\/05\/IMG-eb27d39e9787143c7b6b9e4a28ed7263-V-e1651691089216-282x300.jpg 282w, https:\/\/www.mcbambino.sk\/wp-content\/uploads\/2022\/05\/IMG-eb27d39e9787143c7b6b9e4a28ed7263-V-e1651691089216-768x816.jpg 768w, https:\/\/www.mcbambino.sk\/wp-content\/uploads\/2022\/05\/IMG-eb27d39e9787143c7b6b9e4a28ed7263-V-e1651691089216-600x637.jpg 600w, https:\/\/www.mcbambino.sk\/wp-content\/uploads\/2022\/05\/IMG-eb27d39e9787143c7b6b9e4a28ed7263-V-e1651691089216.jpg 787w\" sizes=\"(max-width: 282px) 100vw, 282px\" \/><\/a><\/figure><div class=\"elementor-image-box-content\"><h3 class=\"elementor-image-box-title\"><a href=\"https:\/\/www.mcbambino.sk\/index.php\/nase-aktivity\/flyjoga-pre-deti-2\/\">FLYjoga\/ pre deti<\/a><\/h3><p class=\"elementor-image-box-description\">Pre viac inform\u00e1ci\u00ed otvorte t\u00fato aktivitu.<\/p><\/div><\/div>\t\t<\/div>\n\t\t\t\t<\/div>\n\t\t\t\t<div class=\"elementor-element elementor-element-a074317 elementor-position-left elementor-vertical-align-top elementor-widget elementor-widget-image-box\" data-id=\"a074317\" data-element_type=\"widget\" data-widget_type=\"image-box.default\">\n\t\t\t\t<div class=\"elementor-widget-container\">\n\t\t\t<div class=\"elementor-image-box-wrapper\"><figure class=\"elementor-image-box-img\"><a href=\"https:\/\/www.mcbambino.sk\/index.php\/fly-joga-pre-dospelych\/\" tabindex=\"-1\"><img loading=\"lazy\" decoding=\"async\" width=\"300\" height=\"248\" src=\"https:\/\/www.mcbambino.sk\/wp-content\/uploads\/2022\/05\/IMG-01260a41d35e71ef0afa3e512df00565-V-e1651690747890-300x248.jpg\" class=\"attachment-medium size-medium wp-image-1123\" alt=\"\" srcset=\"https:\/\/www.mcbambino.sk\/wp-content\/uploads\/2022\/05\/IMG-01260a41d35e71ef0afa3e512df00565-V-e1651690747890-300x248.jpg 300w, https:\/\/www.mcbambino.sk\/wp-content\/uploads\/2022\/05\/IMG-01260a41d35e71ef0afa3e512df00565-V-e1651690747890-1024x847.jpg 1024w, https:\/\/www.mcbambino.sk\/wp-content\/uploads\/2022\/05\/IMG-01260a41d35e71ef0afa3e512df00565-V-e1651690747890-768x635.jpg 768w, https:\/\/www.mcbambino.sk\/wp-content\/uploads\/2022\/05\/IMG-01260a41d35e71ef0afa3e512df00565-V-e1651690747890-600x496.jpg 600w, https:\/\/www.mcbambino.sk\/wp-content\/uploads\/2022\/05\/IMG-01260a41d35e71ef0afa3e512df00565-V-e1651690747890.jpg 1200w\" sizes=\"(max-width: 300px) 100vw, 300px\" \/><\/a><\/figure><div class=\"elementor-image-box-content\"><h3 class=\"elementor-image-box-title\"><a href=\"https:\/\/www.mcbambino.sk\/index.php\/fly-joga-pre-dospelych\/\">FLYjoga\/ pre dospel\u00fdch<\/a><\/h3><p class=\"elementor-image-box-description\">Pre viac inform\u00e1ci\u00ed otvorte t\u00fato aktivitu.\u200b<\/p><\/div><\/div>\t\t<\/div>\n\t\t\t\t<\/div>\n\t\t\t\t<div class=\"elementor-element elementor-element-37653b3 elementor-position-left elementor-vertical-align-top elementor-widget elementor-widget-image-box\" data-id=\"37653b3\" data-element_type=\"widget\" data-widget_type=\"image-box.default\">\n\t\t\t\t<div class=\"elementor-widget-container\">\n\t\t\t<div class=\"elementor-image-box-wrapper\"><figure class=\"elementor-image-box-img\"><a href=\"https:\/\/www.mcbambino.sk\/index.php\/nase-aktivity\/kurz-satkovania\/\" tabindex=\"-1\"><img loading=\"lazy\" decoding=\"async\" width=\"300\" height=\"225\" src=\"https:\/\/www.mcbambino.sk\/wp-content\/uploads\/2020\/09\/13308252_1105037359555420_5792642885664382564_o-300x225.jpg\" class=\"attachment-medium size-medium wp-image-425\" alt=\"\" srcset=\"https:\/\/www.mcbambino.sk\/wp-content\/uploads\/2020\/09\/13308252_1105037359555420_5792642885664382564_o-300x225.jpg 300w, https:\/\/www.mcbambino.sk\/wp-content\/uploads\/2020\/09\/13308252_1105037359555420_5792642885664382564_o-600x450.jpg 600w, https:\/\/www.mcbambino.sk\/wp-content\/uploads\/2020\/09\/13308252_1105037359555420_5792642885664382564_o-1024x768.jpg 1024w, https:\/\/www.mcbambino.sk\/wp-content\/uploads\/2020\/09\/13308252_1105037359555420_5792642885664382564_o-768x576.jpg 768w, https:\/\/www.mcbambino.sk\/wp-content\/uploads\/2020\/09\/13308252_1105037359555420_5792642885664382564_o.jpg 1280w\" sizes=\"(max-width: 300px) 100vw, 300px\" \/><\/a><\/figure><div class=\"elementor-image-box-content\"><h3 class=\"elementor-image-box-title\"><a href=\"https:\/\/www.mcbambino.sk\/index.php\/nase-aktivity\/kurz-satkovania\/\">Kurz \u0161atkovania<\/a><\/h3><p class=\"elementor-image-box-description\">Po\u010das tohto kurzu sa dozviete, pre\u010do a ako spr\u00e1vne deti nosi\u0165 v \u0161atk\u00e1ch. Dozviete sa praktick\u00e9 rady pre za\u010diato\u010dn\u00edkov nosenia. Pre viac inform\u00e1ci\u00ed otvorte t\u00fato aktivitu.\u200b\u200b <\/p><\/div><\/div>\t\t<\/div>\n\t\t\t\t<\/div>\n\t\t\t\t<div class=\"elementor-element elementor-element-053fc45 elementor-position-left elementor-vertical-align-top elementor-widget elementor-widget-image-box\" data-id=\"053fc45\" data-element_type=\"widget\" data-widget_type=\"image-box.default\">\n\t\t\t\t<div class=\"elementor-widget-container\">\n\t\t\t<div class=\"elementor-image-box-wrapper\"><figure class=\"elementor-image-box-img\"><a href=\"https:\/\/www.mcbambino.sk\/index.php\/nase-aktivity\/predporodne-priprava\/\" tabindex=\"-1\"><img loading=\"lazy\" decoding=\"async\" width=\"300\" height=\"225\" src=\"https:\/\/www.mcbambino.sk\/wp-content\/uploads\/2020\/09\/IMG-2242-300x225.jpg\" class=\"attachment-medium size-medium wp-image-885\" alt=\"\" srcset=\"https:\/\/www.mcbambino.sk\/wp-content\/uploads\/2020\/09\/IMG-2242-300x225.jpg 300w, https:\/\/www.mcbambino.sk\/wp-content\/uploads\/2020\/09\/IMG-2242-scaled-600x450.jpg 600w, https:\/\/www.mcbambino.sk\/wp-content\/uploads\/2020\/09\/IMG-2242-1024x768.jpg 1024w, https:\/\/www.mcbambino.sk\/wp-content\/uploads\/2020\/09\/IMG-2242-768x576.jpg 768w, https:\/\/www.mcbambino.sk\/wp-content\/uploads\/2020\/09\/IMG-2242-1536x1152.jpg 1536w, https:\/\/www.mcbambino.sk\/wp-content\/uploads\/2020\/09\/IMG-2242-2048x1536.jpg 2048w\" sizes=\"(max-width: 300px) 100vw, 300px\" \/><\/a><\/figure><div class=\"elementor-image-box-content\"><h3 class=\"elementor-image-box-title\"><a href=\"https:\/\/www.mcbambino.sk\/index.php\/nase-aktivity\/predporodne-priprava\/\">Predp\u00f4rodn\u00e1 pr\u00edprava<\/a><\/h3><p class=\"elementor-image-box-description\">Cie\u013eom tohto kurzu je pripravi\u0165 bud\u00face mami\u010dky na p\u00f4rod. Mami\u010dky sa napr\u00edklad dozvedia, ako tak\u00fd p\u00f4rod prebieha, nau\u010dia sa \u00fa\u013eavov\u00e9 techniky po\u010das kontrakci\u00ed, no povieme si aj, ako si vybra\u0165 p\u00f4rodnicu.  Pre viac inform\u00e1ci\u00ed otvorte t\u00fato aktivitu.\u200b\u200b \u200b<\/p><\/div><\/div>\t\t<\/div>\n\t\t\t\t<\/div>\n\t\t\t\t<div class=\"elementor-element elementor-element-610d3b2 elementor-position-left elementor-vertical-align-top elementor-widget elementor-widget-image-box\" data-id=\"610d3b2\" data-element_type=\"widget\" data-widget_type=\"image-box.default\">\n\t\t\t\t<div class=\"elementor-widget-container\">\n\t\t\t<div class=\"elementor-image-box-wrapper\"><figure class=\"elementor-image-box-img\"><a href=\"https:\/\/www.mcbambino.sk\/index.php\/nase-aktivity\/stretavanie-babatiek-podporna-skupina-nosenia-a-dojcenia\/\" tabindex=\"-1\"><img loading=\"lazy\" decoding=\"async\" width=\"300\" height=\"225\" src=\"https:\/\/www.mcbambino.sk\/wp-content\/uploads\/2020\/09\/IMG_6104-300x225.jpg\" class=\"attachment-medium size-medium wp-image-419\" alt=\"\" srcset=\"https:\/\/www.mcbambino.sk\/wp-content\/uploads\/2020\/09\/IMG_6104-300x225.jpg 300w, https:\/\/www.mcbambino.sk\/wp-content\/uploads\/2020\/09\/IMG_6104-600x450.jpg 600w, https:\/\/www.mcbambino.sk\/wp-content\/uploads\/2020\/09\/IMG_6104-1024x768.jpg 1024w, https:\/\/www.mcbambino.sk\/wp-content\/uploads\/2020\/09\/IMG_6104-768x576.jpg 768w, https:\/\/www.mcbambino.sk\/wp-content\/uploads\/2020\/09\/IMG_6104-1536x1152.jpg 1536w, https:\/\/www.mcbambino.sk\/wp-content\/uploads\/2020\/09\/IMG_6104.jpg 1728w\" sizes=\"(max-width: 300px) 100vw, 300px\" \/><\/a><\/figure><div class=\"elementor-image-box-content\"><h3 class=\"elementor-image-box-title\"><a href=\"https:\/\/www.mcbambino.sk\/index.php\/nase-aktivity\/stretavanie-babatiek-podporna-skupina-nosenia-a-dojcenia\/\">Stret\u00e1vanie b\u00e1b\u00e4tiek (podporn\u00e1 skupina nosenia a doj\u010denia)<\/a><\/h3><p class=\"elementor-image-box-description\">Stretnutie sa t\u00fdka nastavovania nosi\u010dov, viazania \u0161atiek a Ring slingu. Spr\u00e1vne a zdrav\u00e9 ergonomick\u00e9 nosenie. V\u0161etko pod\u013ea potrieb a ve\u013ekosti die\u0165atka aj rodi\u010da. Podpora a konzult\u00e1cia doj\u010denia. Kontaktn\u00e9 rodi\u010dovstvo. Je mo\u017en\u00e9 zapo\u017ei\u010da\u0165 nosiace pom\u00f4cky, nosi\u010de aj \u0161atky.<\/p><\/div><\/div>\t\t<\/div>\n\t\t\t\t<\/div>\n\t\t\t\t<div class=\"elementor-element elementor-element-d8c0a21 elementor-position-left elementor-vertical-align-top elementor-widget elementor-widget-image-box\" data-id=\"d8c0a21\" data-element_type=\"widget\" data-widget_type=\"image-box.default\">\n\t\t\t\t<div class=\"elementor-widget-container\">\n\t\t\t<div class=\"elementor-image-box-wrapper\"><figure class=\"elementor-image-box-img\"><a href=\"https:\/\/www.mcbambino.sk\/index.php\/nase-aktivity\/nozky-nozicky\/\" tabindex=\"-1\"><img loading=\"lazy\" decoding=\"async\" width=\"300\" height=\"134\" src=\"https:\/\/www.mcbambino.sk\/wp-content\/uploads\/2022\/05\/IMG-ec6ddd8ebc5ff82ce75a76ed5f3abb6e-V-300x134.jpg\" class=\"attachment-medium size-medium wp-image-1062\" alt=\"\" srcset=\"https:\/\/www.mcbambino.sk\/wp-content\/uploads\/2022\/05\/IMG-ec6ddd8ebc5ff82ce75a76ed5f3abb6e-V-300x134.jpg 300w, https:\/\/www.mcbambino.sk\/wp-content\/uploads\/2022\/05\/IMG-ec6ddd8ebc5ff82ce75a76ed5f3abb6e-V-600x268.jpg 600w, https:\/\/www.mcbambino.sk\/wp-content\/uploads\/2022\/05\/IMG-ec6ddd8ebc5ff82ce75a76ed5f3abb6e-V.jpg 752w\" sizes=\"(max-width: 300px) 100vw, 300px\" \/><\/a><\/figure><div class=\"elementor-image-box-content\"><h3 class=\"elementor-image-box-title\"><a href=\"https:\/\/www.mcbambino.sk\/index.php\/nase-aktivity\/nozky-nozicky\/\">N\u00f4\u017eky no\u017ei\u010dky<\/a><\/h3><p class=\"elementor-image-box-description\">Deti si precvi\u010dia n\u00f4\u017eky na nerovnom ter\u00e9ne a r\u00f4znych rehabilita\u010dn\u00fdch pom\u00f4ckach. Deti sa prejd\u00fa po \u010darovnom chodn\u00edku. Uk\u00e1\u017eeme v\u00e1m mo\u017enos\u0165 vyu\u017eitia pom\u00f4cok, ktor\u00e9 sa n\u00e1jdu aj u v\u00e1s doma. Pre viac inform\u00e1ci\u00ed otvorte t\u00fato aktivitu.\u200b\u200b \u200b<\/p><\/div><\/div>\t\t<\/div>\n\t\t\t\t<\/div>\n\t\t\t\t<div class=\"elementor-element elementor-element-1895862 elementor-position-left elementor-vertical-align-top elementor-widget elementor-widget-image-box\" data-id=\"1895862\" data-element_type=\"widget\" data-widget_type=\"image-box.default\">\n\t\t\t\t<div class=\"elementor-widget-container\">\n\t\t\t<div class=\"elementor-image-box-wrapper\"><figure class=\"elementor-image-box-img\"><a href=\"https:\/\/www.mcbambino.sk\/index.php\/nase-aktivity\/cvicenie-pre-dospelych-sm-system\/\" tabindex=\"-1\"><img loading=\"lazy\" decoding=\"async\" width=\"300\" height=\"225\" src=\"https:\/\/www.mcbambino.sk\/wp-content\/uploads\/2020\/09\/97979031_2573907619515349_2957569726189928448_n-300x225.jpg\" class=\"attachment-medium size-medium wp-image-380\" alt=\"\" srcset=\"https:\/\/www.mcbambino.sk\/wp-content\/uploads\/2020\/09\/97979031_2573907619515349_2957569726189928448_n-300x225.jpg 300w, https:\/\/www.mcbambino.sk\/wp-content\/uploads\/2020\/09\/97979031_2573907619515349_2957569726189928448_n-600x450.jpg 600w, https:\/\/www.mcbambino.sk\/wp-content\/uploads\/2020\/09\/97979031_2573907619515349_2957569726189928448_n-768x576.jpg 768w, https:\/\/www.mcbambino.sk\/wp-content\/uploads\/2020\/09\/97979031_2573907619515349_2957569726189928448_n.jpg 960w\" sizes=\"(max-width: 300px) 100vw, 300px\" \/><\/a><\/figure><div class=\"elementor-image-box-content\"><h3 class=\"elementor-image-box-title\"><a href=\"https:\/\/www.mcbambino.sk\/index.php\/nase-aktivity\/cvicenie-pre-dospelych-sm-system\/\">Cvi\u010denie pre dospel\u00fdch \u2013 SM syst\u00e9m<\/a><\/h3><p class=\"elementor-image-box-description\">SM syst\u00e9m je s\u00fabor \u00fa\u010dinn\u00fdch cvikov pre Stabiliz\u00e1ciu a Mobiliz\u00e1ciu chrbtice. Z\u00e1kladn\u00e1 zostava cvikov bola vyvinut\u00e1 tak, aby ka\u017ed\u00e9ho \u010dloveka nau\u010dila spr\u00e1vnemu pohybu. Pre viac inform\u00e1ci\u00ed otvorte t\u00fato aktivitu.\u200b<\/p><\/div><\/div>\t\t<\/div>\n\t\t\t\t<\/div>\n\t\t\t\t<div class=\"elementor-element elementor-element-88cd2e1 elementor-position-left elementor-vertical-align-top elementor-widget elementor-widget-image-box\" data-id=\"88cd2e1\" data-element_type=\"widget\" data-widget_type=\"image-box.default\">\n\t\t\t\t<div class=\"elementor-widget-container\">\n\t\t\t<div class=\"elementor-image-box-wrapper\"><figure class=\"elementor-image-box-img\"><a href=\"https:\/\/www.mcbambino.sk\/index.php\/nase-aktivity\/mila-pre-mamu\/\" tabindex=\"-1\"><img loading=\"lazy\" decoding=\"async\" width=\"2048\" height=\"1367\" src=\"https:\/\/www.mcbambino.sk\/wp-content\/uploads\/2020\/09\/60297684_2300479150011229_1214289032419213312_o.jpg\" class=\"attachment-full size-full wp-image-663\" alt=\"\" srcset=\"https:\/\/www.mcbambino.sk\/wp-content\/uploads\/2020\/09\/60297684_2300479150011229_1214289032419213312_o.jpg 2048w, https:\/\/www.mcbambino.sk\/wp-content\/uploads\/2020\/09\/60297684_2300479150011229_1214289032419213312_o-600x400.jpg 600w, https:\/\/www.mcbambino.sk\/wp-content\/uploads\/2020\/09\/60297684_2300479150011229_1214289032419213312_o-300x200.jpg 300w, https:\/\/www.mcbambino.sk\/wp-content\/uploads\/2020\/09\/60297684_2300479150011229_1214289032419213312_o-1024x684.jpg 1024w, https:\/\/www.mcbambino.sk\/wp-content\/uploads\/2020\/09\/60297684_2300479150011229_1214289032419213312_o-768x513.jpg 768w, https:\/\/www.mcbambino.sk\/wp-content\/uploads\/2020\/09\/60297684_2300479150011229_1214289032419213312_o-1536x1025.jpg 1536w\" sizes=\"(max-width: 2048px) 100vw, 2048px\" \/><\/a><\/figure><div class=\"elementor-image-box-content\"><h3 class=\"elementor-image-box-title\"><a href=\"https:\/\/www.mcbambino.sk\/index.php\/nase-aktivity\/mila-pre-mamu\/\">M\u00ed\u013ea pre mamu<\/a><\/h3><p class=\"elementor-image-box-description\">Rodinn\u00e9 popoludnie, kedy sa v jeden de\u0148 na r\u00f4znych miestach tis\u00edce \u013eud\u00ed sp\u00e1jaj\u00fa s my\u0161lienkou prejavi\u0165 \u00factu a v\u010faku mam\u00e1m. Toto podujatie organizujeme ka\u017edoro\u010dne aj v Poprade<\/p><\/div><\/div>\t\t<\/div>\n\t\t\t\t<\/div>\n\t\t\t\t<div class=\"elementor-element elementor-element-2187d74 elementor-position-left elementor-vertical-align-top elementor-widget elementor-widget-image-box\" data-id=\"2187d74\" data-element_type=\"widget\" data-widget_type=\"image-box.default\">\n\t\t\t\t<div class=\"elementor-widget-container\">\n\t\t\t<div class=\"elementor-image-box-wrapper\"><figure class=\"elementor-image-box-img\"><a href=\"https:\/\/www.mcbambino.sk\/index.php\/nase-aktivity\/prenajom-priestorov-oslavy-skolenia-stretnutia\/\" tabindex=\"-1\"><img loading=\"lazy\" decoding=\"async\" width=\"300\" height=\"225\" src=\"https:\/\/www.mcbambino.sk\/wp-content\/uploads\/2020\/09\/108177193_307370580645917_8095116989069448615_n-300x225.jpg\" class=\"attachment-medium size-medium wp-image-486\" alt=\"\" srcset=\"https:\/\/www.mcbambino.sk\/wp-content\/uploads\/2020\/09\/108177193_307370580645917_8095116989069448615_n-300x225.jpg 300w, https:\/\/www.mcbambino.sk\/wp-content\/uploads\/2020\/09\/108177193_307370580645917_8095116989069448615_n-600x450.jpg 600w, https:\/\/www.mcbambino.sk\/wp-content\/uploads\/2020\/09\/108177193_307370580645917_8095116989069448615_n-768x576.jpg 768w, https:\/\/www.mcbambino.sk\/wp-content\/uploads\/2020\/09\/108177193_307370580645917_8095116989069448615_n.jpg 960w\" sizes=\"(max-width: 300px) 100vw, 300px\" \/><\/a><\/figure><div class=\"elementor-image-box-content\"><h3 class=\"elementor-image-box-title\"><a href=\"https:\/\/www.mcbambino.sk\/index.php\/nase-aktivity\/prenajom-priestorov-oslavy-skolenia-stretnutia\/\">Pren\u00e1jom priestorov (oslavy, \u0161kolenia, stretnutia,\u2026)<\/a><\/h3><p class=\"elementor-image-box-description\">V priestoroch matersk\u00e9ho centra je mo\u017en\u00e9 si usporiada\u0165 rodinn\u00fa oslavu, \u010di r\u00f4zne stretnutia a predn\u00e1\u0161ku. Priestory s\u00fa V\u00e1m  k dispoz\u00edcii cel\u00e9 v dohodnutom \u010dase. Pre viac inform\u00e1ci\u00ed otvorte t\u00fato aktivitu.\u200b<\/p><\/div><\/div>\t\t<\/div>\n\t\t\t\t<\/div>\n\t\t\t\t\t<\/div>\n\t\t<\/div>\n\t\t\t\t\t\t\t<\/div>\n\t\t<\/section>\n\t\t\t\t\t\t\t<\/div>\n\t\t","protected":false},"excerpt":{"rendered":"<p>Pred\u0161k\u00f4lk\u00e1rska pr\u00edprava Po\u010das tohto kurzu sa deti nau\u010dia postupn\u00e9mu odl\u00fa\u010deniu najm\u00e4 od svojej mami\u010dky (taktie\u017e to plat\u00ed opa\u010dne pre mami\u010dku) a spozn\u00e1vaj\u00fa \u0161k\u00f4lkarsky syst\u00e9m. Pre viac inform\u00e1ci\u00ed otvorte t\u00fato aktivitu. Kolo, kolo mlynsk\u00e9 Spievanie, tancovanie a hra na hudobn\u00fdch n\u00e1strojoch spolu s de\u0165mi. Dominika hr\u00e1 na gitare, spieva zn\u00e1me detsk\u00e9 piesne a spolo\u010dne tak tr\u00e1vime <a class=\"read-more\" href=\"https:\/\/www.mcbambino.sk\/index.php\/nase-aktivity\/\">\u010cita\u0165 \u010falej<\/a><\/p>\n","protected":false},"author":1,"featured_media":0,"parent":0,"menu_order":0,"comment_status":"closed","ping_status":"closed","template":"","meta":{"footnotes":""},"aioseo_notices":[],"_links":{"self":[{"href":"https:\/\/www.mcbambino.sk\/index.php\/wp-json\/wp\/v2\/pages\/313"}],"collection":[{"href":"https:\/\/www.mcbambino.sk\/index.php\/wp-json\/wp\/v2\/pages"}],"about":[{"href":"https:\/\/www.mcbambino.sk\/index.php\/wp-json\/wp\/v2\/types\/page"}],"author":[{"embeddable":true,"href":"https:\/\/www.mcbambino.sk\/index.php\/wp-json\/wp\/v2\/users\/1"}],"replies":[{"embeddable":true,"href":"https:\/\/www.mcbambino.sk\/index.php\/wp-json\/wp\/v2\/comments?post=313"}],"version-history":[{"count":47,"href":"https:\/\/www.mcbambino.sk\/index.php\/wp-json\/wp\/v2\/pages\/313\/revisions"}],"predecessor-version":[{"id":1508,"href":"https:\/\/www.mcbambino.sk\/index.php\/wp-json\/wp\/v2\/pages\/313\/revisions\/1508"}],"wp:attachment":[{"href":"https:\/\/www.mcbambino.sk\/index.php\/wp-json\/wp\/v2\/media?parent=313"}],"curies":[{"name":"wp","href":"https:\/\/api.w.org\/{rel}","templated":true}]}}